{"id":1917,"date":"2025-07-18T16:59:32","date_gmt":"2025-07-18T13:59:32","guid":{"rendered":"https:\/\/www.moonstarahsap.com\/?page_id=1917"},"modified":"2025-10-01T16:48:00","modified_gmt":"2025-10-01T13:48:00","slug":"kavak-2","status":"publish","type":"page","link":"https:\/\/www.moonstarahsap.com\/index.php\/kavak-2","title":{"rendered":"Kavak"},"content":{"rendered":"\t\t<div data-elementor-type=\"wp-page\" data-elementor-id=\"1917\" class=\"elementor elementor-1917\">\n\t\t\t\t<div class=\"elementor-element elementor-element-a6aee85 e-flex e-con-boxed e-con e-parent\" data-id=\"a6aee85\" data-element_type=\"container\" data-e-type=\"container\">\n\t\t\t\t\t<div class=\"e-con-inner\">\n\t\t\t\t<div class=\"elementor-element elementor-element-711e3ae elementor-widget__width-inherit elementor-widget elementor-widget-sawmall_why_choose_us\" data-id=\"711e3ae\" data-element_type=\"widget\" data-e-type=\"widget\" data-widget_type=\"sawmall_why_choose_us.default\">\n\t\t\t\t<div class=\"elementor-widget-container\">\n\t\t\t\t\t\t\t\r\n        <!-- Fluid Section Two -->\r\n        <section class=\"fluid-section-two\">\r\n            <div class=\"outer-container clearfix\">\r\n                                <!--Image Column-->\r\n                <div class=\"image-column\" style=\"background-image:url(https:\/\/www.moonstarahsap.com\/wp-content\/uploads\/2025\/10\/Gemini_Generated_Image_8iokui8iokui8iok.png)\">\r\n                    <figure class=\"image-box\"><img decoding=\"async\" src=\"https:\/\/www.moonstarahsap.com\/wp-content\/uploads\/2025\/10\/Gemini_Generated_Image_8iokui8iokui8iok.png\" alt=\"Awesome Image\"><\/figure>\r\n                <\/div>\r\n                                <!--Content Column-->\r\n                <div class=\"content-column\">\r\n                    <div class=\"inner-column\">\r\n                                                <!-- Sec Title -->\r\n                        <div class=\"sec-title\">\r\n                            <h2>Kavak Kontrplak Teknik \u00d6zellikleri<\/h2>\r\n                            <div class=\"separate\"><\/div>\r\n                        <\/div>\r\n                                                <div class=\"text\"><strong>\u00dcr\u00fcn \u00d6l\u00e7\u00fcleri: <\/strong>2500x11250mm<br \/>\n<strong>Kal\u0131nl\u0131klar: <\/strong>4,6,8,9,10,12,15,18,20,25,30mm<br \/>\n<strong>\u00dcr\u00fcn yo\u011funlu\u011fu:<\/strong>500 \u2013 550 kg\/m3<br \/>\n<strong>Y\u00fczey kalitesi: <\/strong>BB\/CC<br \/>\n<strong>Tutkal:<\/strong>\u00dcre Formaldehit<br \/>\n<strong>Kullan\u0131m alanlar\u0131: <\/strong>hediyelik e\u015fya yap\u0131m\u0131, oyuncak yap\u0131m\u0131, ambalaj yap\u0131m\u0131, sanatsal \u00e7al\u0131\u015fmalar<br \/>\n**LAZER KES\u0130ME UYGUNDUR<br \/>\n<strong>\u00dcr\u00fcn Kodu: <\/strong>MON-KKV<br \/>\n<\/div>\r\n                        <div class=\"row clearfix\">\r\n                            <div class=\"column col-md-6 col-sm-6 col-xs-12\">\r\n                                <ul class=\"list-style-one\">\r\n                                                                                                          <li><span class=\"\"><\/span> <\/li>\r\n                                                                    <\/ul>\r\n                            <\/div>\r\n                        <\/div>\r\n                    <\/div>\r\n                <\/div>\r\n                \r\n            <\/div>\r\n        <\/section>\r\n        \r\n        \t\t\t\t<\/div>\n\t\t\t\t<\/div>\n\t\t\t\t\t<\/div>\n\t\t\t\t<\/div>\n\t\t<div class=\"elementor-element elementor-element-7668822 e-flex e-con-boxed e-con e-parent\" data-id=\"7668822\" data-element_type=\"container\" data-e-type=\"container\">\n\t\t\t\t\t<div class=\"e-con-inner\">\n\t\t\t\t<div class=\"elementor-element elementor-element-0f19ad7 elementor-widget elementor-widget-text-editor\" data-id=\"0f19ad7\" data-element_type=\"widget\" data-e-type=\"widget\" data-widget_type=\"text-editor.default\">\n\t\t\t\t\t\t\t\t\t<p><a href=\"https:\/\/www.turanlarahsap.com\/kavak-kontrplak#collapseOneTab\"><strong>\u00dcr\u00fcn Bilgisi<\/strong><\/a><\/p><p>\u00dclkemizde yeti\u015fen yumu\u015fak ve a\u00e7\u0131k renkli bir a\u011fa\u00e7tan \u00fcretilen kontrplak t\u00fcr\u00fcd\u00fcr. Yumu\u015fak olmas\u0131ndan dolay\u0131 i\u015flenmesi kolayd\u0131r, lazer kesimi i\u00e7inde uygundur. Ekonomik oldu\u011fundan dolay\u0131 \u00f6zellikle hediyelik e\u015fya yap\u0131m\u0131nda, oyuncak yap\u0131m\u0131nda ve ambalaj imalat\u0131nda kullan\u0131l\u0131r.<\/p>\t\t\t\t\t\t\t\t<\/div>\n\t\t\t\t\t<\/div>\n\t\t\t\t<\/div>\n\t\t<div class=\"elementor-element elementor-element-4f31f54 e-flex e-con-boxed e-con e-parent\" data-id=\"4f31f54\" data-element_type=\"container\" data-e-type=\"container\">\n\t\t\t\t\t<div class=\"e-con-inner\">\n\t\t\t\t<div class=\"elementor-element elementor-element-78fe68d elementor-widget elementor-widget-sawmall_call_to_action_v2\" data-id=\"78fe68d\" data-element_type=\"widget\" data-e-type=\"widget\" data-widget_type=\"sawmall_call_to_action_v2.default\">\n\t\t\t\t<div class=\"elementor-widget-container\">\n\t\t\t\t\t\t\t\r\n        <!-- Call To Action Two Section -->\r\n        <section class=\"call-to-action-section-two\" style=\"background-image:url(https:\/\/www.moonstarahsap.com\/wp-content\/uploads\/2020\/12\/9-1.jpg)\">\r\n            <div class=\"auto-container\">\r\n                <div class=\"row clearfix\">\r\n                    \r\n                    <!-- Title Column -->\r\n                    <div class=\"title-column col-lg-7 col-md-12 col-sm-12\">\r\n                        <div class=\"inner-column\">\r\n                            <h3>Daha fazla \u00fcr\u00fcn i\u00e7in bizimle ileti\u015fime ge\u00e7in<\/h3>\r\n                        <\/div>\r\n                    <\/div>\r\n                                        <!-- Button Column -->\r\n                    <div class=\"btn-column col-lg-5 col-md-12 col-sm-12\">\r\n                        <div class=\"inner-column\">\r\n                            <a href=\"https:\/\/www.moonstarahsap.com\/index.php\/contact-us\" class=\"theme-btn btn-style-four\"><span class=\"txt\">Bize Ula\u015f\u0131n<\/span><\/a>\r\n                        <\/div>\r\n                    <\/div>\r\n                                    <\/div>\r\n            <\/div>\r\n        <\/section>\r\n        <!-- End Call To Action Two Section -->\r\n        \r\n        \t\t\t\t<\/div>\n\t\t\t\t<\/div>\n\t\t\t\t\t<\/div>\n\t\t\t\t<\/div>\n\t\t\t\t<\/div>\n\t\t","protected":false},"excerpt":{"rendered":"<p>Kavak Kontrplak Teknik \u00d6zellikleri \u00dcr\u00fcn \u00d6l\u00e7\u00fcleri: 2500x11250mm Kal\u0131nl\u0131klar: 4,6,8,9,10,12,15,18,20,25,30mm \u00dcr\u00fcn yo\u011funlu\u011fu:500 \u2013 550 kg\/m3 Y\u00fczey kalitesi: BB\/CC Tutkal:\u00dcre Formaldehit Kullan\u0131m alanlar\u0131: hediyelik e\u015fya yap\u0131m\u0131, oyuncak yap\u0131m\u0131, ambalaj yap\u0131m\u0131, sanatsal \u00e7al\u0131\u015fmalar **LAZER KES\u0130ME UYGUNDUR \u00dcr\u00fcn Kodu: MON-KKV \u00dcr\u00fcn Bilgisi \u00dclkemizde yeti\u015fen yumu\u015fak ve a\u00e7\u0131k renkli bir a\u011fa\u00e7tan \u00fcretilen kontrplak t\u00fcr\u00fcd\u00fcr. Yumu\u015fak olmas\u0131ndan dolay\u0131 i\u015flenmesi kolayd\u0131r, lazer [&hellip;]<\/p>\n","protected":false},"author":1,"featured_media":0,"parent":0,"menu_order":0,"comment_status":"closed","ping_status":"closed","template":"","meta":{"ngg_post_thumbnail":0,"footnotes":""},"class_list":["post-1917","page","type-page","status-publish","hentry"],"_links":{"self":[{"href":"https:\/\/www.moonstarahsap.com\/index.php\/wp-json\/wp\/v2\/pages\/1917","targetHints":{"allow":["GET"]}}],"collection":[{"href":"https:\/\/www.moonstarahsap.com\/index.php\/wp-json\/wp\/v2\/pages"}],"about":[{"href":"https:\/\/www.moonstarahsap.com\/index.php\/wp-json\/wp\/v2\/types\/page"}],"author":[{"embeddable":true,"href":"https:\/\/www.moonstarahsap.com\/index.php\/wp-json\/wp\/v2\/users\/1"}],"replies":[{"embeddable":true,"href":"https:\/\/www.moonstarahsap.com\/index.php\/wp-json\/wp\/v2\/comments?post=1917"}],"version-history":[{"count":4,"href":"https:\/\/www.moonstarahsap.com\/index.php\/wp-json\/wp\/v2\/pages\/1917\/revisions"}],"predecessor-version":[{"id":1995,"href":"https:\/\/www.moonstarahsap.com\/index.php\/wp-json\/wp\/v2\/pages\/1917\/revisions\/1995"}],"wp:attachment":[{"href":"https:\/\/www.moonstarahsap.com\/index.php\/wp-json\/wp\/v2\/media?parent=1917"}],"curies":[{"name":"wp","href":"https:\/\/api.w.org\/{rel}","templated":true}]}}