{"id":1916,"date":"2025-07-18T16:59:32","date_gmt":"2025-07-18T13:59:32","guid":{"rendered":"https:\/\/www.moonstarahsap.com\/?page_id=1916"},"modified":"2025-10-01T16:05:05","modified_gmt":"2025-10-01T13:05:05","slug":"kayin-2","status":"publish","type":"page","link":"https:\/\/www.moonstarahsap.com\/index.php\/kayin-2","title":{"rendered":"Kay\u0131n"},"content":{"rendered":"\t\t<div data-elementor-type=\"wp-page\" data-elementor-id=\"1916\" class=\"elementor elementor-1916\">\n\t\t\t\t<div class=\"elementor-element elementor-element-75e6f4f e-flex e-con-boxed e-con e-parent\" data-id=\"75e6f4f\" data-element_type=\"container\" data-e-type=\"container\">\n\t\t\t\t\t<div class=\"e-con-inner\">\n\t\t\t\t<div class=\"elementor-element elementor-element-be4ec3d elementor-widget__width-inherit elementor-widget elementor-widget-sawmall_why_choose_us\" data-id=\"be4ec3d\" data-element_type=\"widget\" data-e-type=\"widget\" data-widget_type=\"sawmall_why_choose_us.default\">\n\t\t\t\t<div class=\"elementor-widget-container\">\n\t\t\t\t\t\t\t\r\n        <!-- Fluid Section Two -->\r\n        <section class=\"fluid-section-two\">\r\n            <div class=\"outer-container clearfix\">\r\n                                <!--Image Column-->\r\n                <div class=\"image-column\" style=\"background-image:url(https:\/\/www.moonstarahsap.com\/wp-content\/uploads\/2025\/10\/aaaaw.png)\">\r\n                    <figure class=\"image-box\"><img decoding=\"async\" src=\"https:\/\/www.moonstarahsap.com\/wp-content\/uploads\/2025\/10\/aaaaw.png\" alt=\"Awesome Image\"><\/figure>\r\n                <\/div>\r\n                                <!--Content Column-->\r\n                <div class=\"content-column\">\r\n                    <div class=\"inner-column\">\r\n                                                <!-- Sec Title -->\r\n                        <div class=\"sec-title\">\r\n                            <h2>Kay\u0131n Kontrplak Teknik \u00d6zellikleri<\/h2>\r\n                            <div class=\"separate\"><\/div>\r\n                        <\/div>\r\n                                                <div class=\"text\"><p><strong>\u00dcr\u00fcn Markas\u0131:  <\/strong>MYWOOD Kontrplak<br \/>\n<strong>\u00dcr\u00fcn \u00d6l\u00e7\u00fcleri: <\/strong> 2500x1250mm<br \/>\n<strong>Kal\u0131nl\u0131klar: <\/strong>4,6,8,10,12,15,18,20,25,30mm<br \/>\n<strong>\u00dcr\u00fcn yo\u011funlu\u011fu:<\/strong>720 kg \/m3<br \/>\n<strong>Y\u00fczey kalitesi: <\/strong>BB\/CC<br \/>\n<strong>Kenar Bo\u015fluklar\u0131: <\/strong>\u00c7ok Az<br \/>\n<strong>Tutkal:<\/strong>\u00dcre Formaldehit (suya %50 dayan\u0131kl\u0131)<br \/>\n<strong>Kullan\u0131m alanlar\u0131: <\/strong>otomotiv, mobilya, model kal\u0131p imalat\u0131,i\u00e7 dekorasyon<br \/>\n**LAZER KES\u0130ME UYGUNDUR<br \/>\n<strong>\u00dcr\u00fcn Kodu: <\/strong>MON-FPKV<br \/>\n<\/div>\r\n                        <div class=\"row clearfix\">\r\n                            <div class=\"column col-md-6 col-sm-6 col-xs-12\">\r\n                                <ul class=\"list-style-one\">\r\n                                                                                                          <li><span class=\"\"><\/span> <\/li>\r\n                                                                    <\/ul>\r\n                            <\/div>\r\n                        <\/div>\r\n                    <\/div>\r\n                <\/div>\r\n                \r\n            <\/div>\r\n        <\/section>\r\n        \r\n        \t\t\t\t<\/div>\n\t\t\t\t<\/div>\n\t\t\t\t\t<\/div>\n\t\t\t\t<\/div>\n\t\t<div class=\"elementor-element elementor-element-cbf0c21 e-flex e-con-boxed e-con e-parent\" data-id=\"cbf0c21\" data-element_type=\"container\" data-e-type=\"container\">\n\t\t\t\t\t<div class=\"e-con-inner\">\n\t\t\t\t<div class=\"elementor-element elementor-element-161001f elementor-widget elementor-widget-text-editor\" data-id=\"161001f\" data-element_type=\"widget\" data-e-type=\"widget\" data-widget_type=\"text-editor.default\">\n\t\t\t\t\t\t\t\t\t<p><a href=\"https:\/\/www.turanlarahsap.com\/kayin-beton-kontrplak#collapseOneTab\"><strong>\u00dcr\u00fcn Bilgisi<\/strong><\/a><\/p><p>Kay\u0131n a\u011fac\u0131n\u0131n en temiz ve a\u00e7\u0131k renkli papelleri ile temiz bir g\u00f6r\u00fcnt\u00fc olu\u015fturulmas\u0131 amac\u0131yla imal edilen kontrplak t\u00fcr\u00fcd\u00fcr. G\u00f6ze hitap eden ve g\u00fczel bir g\u00f6r\u00fcnt\u00fcye sahip olmas\u0131 gereken t\u00fcm kapal\u0131 alanlarda en \u00e7ok tercih edilen 1. s\u0131n\u0131f kay\u0131n kontrpla\u011f\u0131d\u0131r.\u00a0Daha \u00e7ok mobilya, i\u00e7 dekorasyon ve makine kal\u0131p modelcili\u011finde tercih edilen bir kontrplak \u00e7e\u015fididir. Tek y\u00fczeyi temiz olucak \u015fekilde \u00f6zel olarak \u00fcretilmektedir.<strong>\u00a0<\/strong><\/p>\t\t\t\t\t\t\t\t<\/div>\n\t\t\t\t\t<\/div>\n\t\t\t\t<\/div>\n\t\t<div class=\"elementor-element elementor-element-7b859e2 e-flex e-con-boxed e-con e-parent\" data-id=\"7b859e2\" data-element_type=\"container\" data-e-type=\"container\">\n\t\t\t\t\t<div class=\"e-con-inner\">\n\t\t\t\t<div class=\"elementor-element elementor-element-fb740a9 elementor-widget elementor-widget-sawmall_call_to_action_v2\" data-id=\"fb740a9\" data-element_type=\"widget\" data-e-type=\"widget\" data-widget_type=\"sawmall_call_to_action_v2.default\">\n\t\t\t\t<div class=\"elementor-widget-container\">\n\t\t\t\t\t\t\t\r\n        <!-- Call To Action Two Section -->\r\n        <section class=\"call-to-action-section-two\" style=\"background-image:url(https:\/\/www.moonstarahsap.com\/wp-content\/uploads\/2020\/12\/9-1.jpg)\">\r\n            <div class=\"auto-container\">\r\n                <div class=\"row clearfix\">\r\n                    \r\n                    <!-- Title Column -->\r\n                    <div class=\"title-column col-lg-7 col-md-12 col-sm-12\">\r\n                        <div class=\"inner-column\">\r\n                            <h3>Daha fazla \u00fcr\u00fcn i\u00e7in bizimle ileti\u015fime ge\u00e7in<\/h3>\r\n                        <\/div>\r\n                    <\/div>\r\n                                        <!-- Button Column -->\r\n                    <div class=\"btn-column col-lg-5 col-md-12 col-sm-12\">\r\n                        <div class=\"inner-column\">\r\n                            <a href=\"https:\/\/www.moonstarahsap.com\/index.php\/contact-us\" class=\"theme-btn btn-style-four\"><span class=\"txt\">Bize Ula\u015f\u0131n<\/span><\/a>\r\n                        <\/div>\r\n                    <\/div>\r\n                                    <\/div>\r\n            <\/div>\r\n        <\/section>\r\n        <!-- End Call To Action Two Section -->\r\n        \r\n        \t\t\t\t<\/div>\n\t\t\t\t<\/div>\n\t\t\t\t\t<\/div>\n\t\t\t\t<\/div>\n\t\t\t\t<\/div>\n\t\t","protected":false},"excerpt":{"rendered":"<p>Kay\u0131n Kontrplak Teknik \u00d6zellikleri \u00dcr\u00fcn Markas\u0131: MYWOOD Kontrplak \u00dcr\u00fcn \u00d6l\u00e7\u00fcleri: 2500x1250mm Kal\u0131nl\u0131klar: 4,6,8,10,12,15,18,20,25,30mm \u00dcr\u00fcn yo\u011funlu\u011fu:720 kg \/m3 Y\u00fczey kalitesi: BB\/CC Kenar Bo\u015fluklar\u0131: \u00c7ok Az Tutkal:\u00dcre Formaldehit (suya %50 dayan\u0131kl\u0131) Kullan\u0131m alanlar\u0131: otomotiv, mobilya, model kal\u0131p imalat\u0131,i\u00e7 dekorasyon **LAZER KES\u0130ME UYGUNDUR \u00dcr\u00fcn Kodu: MON-FPKV \u00dcr\u00fcn Bilgisi Kay\u0131n a\u011fac\u0131n\u0131n en temiz ve a\u00e7\u0131k renkli papelleri ile temiz [&hellip;]<\/p>\n","protected":false},"author":1,"featured_media":0,"parent":0,"menu_order":0,"comment_status":"closed","ping_status":"closed","template":"","meta":{"ngg_post_thumbnail":0,"footnotes":""},"class_list":["post-1916","page","type-page","status-publish","hentry"],"_links":{"self":[{"href":"https:\/\/www.moonstarahsap.com\/index.php\/wp-json\/wp\/v2\/pages\/1916","targetHints":{"allow":["GET"]}}],"collection":[{"href":"https:\/\/www.moonstarahsap.com\/index.php\/wp-json\/wp\/v2\/pages"}],"about":[{"href":"https:\/\/www.moonstarahsap.com\/index.php\/wp-json\/wp\/v2\/types\/page"}],"author":[{"embeddable":true,"href":"https:\/\/www.moonstarahsap.com\/index.php\/wp-json\/wp\/v2\/users\/1"}],"replies":[{"embeddable":true,"href":"https:\/\/www.moonstarahsap.com\/index.php\/wp-json\/wp\/v2\/comments?post=1916"}],"version-history":[{"count":7,"href":"https:\/\/www.moonstarahsap.com\/index.php\/wp-json\/wp\/v2\/pages\/1916\/revisions"}],"predecessor-version":[{"id":1981,"href":"https:\/\/www.moonstarahsap.com\/index.php\/wp-json\/wp\/v2\/pages\/1916\/revisions\/1981"}],"wp:attachment":[{"href":"https:\/\/www.moonstarahsap.com\/index.php\/wp-json\/wp\/v2\/media?parent=1916"}],"curies":[{"name":"wp","href":"https:\/\/api.w.org\/{rel}","templated":true}]}}