{"id":1915,"date":"2025-07-18T16:59:32","date_gmt":"2025-07-18T13:59:32","guid":{"rendered":"https:\/\/www.moonstarahsap.com\/?page_id=1915"},"modified":"2025-10-01T16:32:53","modified_gmt":"2025-10-01T13:32:53","slug":"hus-2","status":"publish","type":"page","link":"https:\/\/www.moonstarahsap.com\/index.php\/hus-2","title":{"rendered":"Hu\u015f"},"content":{"rendered":"\t\t<div data-elementor-type=\"wp-page\" data-elementor-id=\"1915\" class=\"elementor elementor-1915\">\n\t\t\t\t<div class=\"elementor-element elementor-element-e405774 e-flex e-con-boxed e-con e-parent\" data-id=\"e405774\" data-element_type=\"container\" data-e-type=\"container\">\n\t\t\t\t\t<div class=\"e-con-inner\">\n\t\t\t\t<div class=\"elementor-element elementor-element-36ddfeb elementor-widget__width-inherit elementor-widget elementor-widget-sawmall_why_choose_us\" data-id=\"36ddfeb\" data-element_type=\"widget\" data-e-type=\"widget\" data-widget_type=\"sawmall_why_choose_us.default\">\n\t\t\t\t<div class=\"elementor-widget-container\">\n\t\t\t\t\t\t\t\r\n        <!-- Fluid Section Two -->\r\n        <section class=\"fluid-section-two\">\r\n            <div class=\"outer-container clearfix\">\r\n                                <!--Image Column-->\r\n                <div class=\"image-column\" style=\"background-image:url(https:\/\/www.moonstarahsap.com\/wp-content\/uploads\/2025\/10\/Gemini_Generated_Image_7gb84c7gb84c7gb8.png)\">\r\n                    <figure class=\"image-box\"><img decoding=\"async\" src=\"https:\/\/www.moonstarahsap.com\/wp-content\/uploads\/2025\/10\/Gemini_Generated_Image_7gb84c7gb84c7gb8.png\" alt=\"Awesome Image\"><\/figure>\r\n                <\/div>\r\n                                <!--Content Column-->\r\n                <div class=\"content-column\">\r\n                    <div class=\"inner-column\">\r\n                                                <!-- Sec Title -->\r\n                        <div class=\"sec-title\">\r\n                            <h2>Hu\u015f Kontrplak Teknik \u00d6zellikleri<\/h2>\r\n                            <div class=\"separate\"><\/div>\r\n                        <\/div>\r\n                                                <div class=\"text\"><p><strong>\u00dcr\u00fcn Markas\u0131:  <\/strong>MYWOOD<br \/>\n<strong>\u00dcr\u00fcn \u00d6l\u00e7\u00fcleri: <\/strong>2500x1250mm \/ 3000x1500mm \/ 1525x1525mm<br \/>\n<strong>Kal\u0131nl\u0131klar: <\/strong>4-6,5-9-10-12-15-18-21-24-30-40mm<br \/>\n<strong>\u00dcr\u00fcn yo\u011funlu\u011fu:<\/strong>680 kg\/m3<br \/>\n<strong>Y\u00fczey kalitesi: <\/strong>BB\/BB (\u00e7ift taraf\u0131 temiz y\u00fczey)<br \/>\n<strong>Tutkal:<\/strong>Fenol formaldehid (%100 suya dayan\u0131kl\u0131 tutkal)<br \/>\n<strong>Kullan\u0131m alanlar\u0131: <\/strong>mobilya sekt\u00f6r\u00fc, i\u00e7-d\u0131\u015f dekorasyon, mimari fig\u00fcrler<br \/>\n<strong>\u00dcr\u00fcn Kodu: <\/strong>MON-KH<br \/>\n<\/div>\r\n                        <div class=\"row clearfix\">\r\n                            <div class=\"column col-md-6 col-sm-6 col-xs-12\">\r\n                                <ul class=\"list-style-one\">\r\n                                                                                                          <li><span class=\"\"><\/span> <\/li>\r\n                                                                    <\/ul>\r\n                            <\/div>\r\n                        <\/div>\r\n                    <\/div>\r\n                <\/div>\r\n                \r\n            <\/div>\r\n        <\/section>\r\n        \r\n        \t\t\t\t<\/div>\n\t\t\t\t<\/div>\n\t\t\t\t\t<\/div>\n\t\t\t\t<\/div>\n\t\t<div class=\"elementor-element elementor-element-084a05e e-flex e-con-boxed e-con e-parent\" data-id=\"084a05e\" data-element_type=\"container\" data-e-type=\"container\">\n\t\t\t\t\t<div class=\"e-con-inner\">\n\t\t\t\t<div class=\"elementor-element elementor-element-d18434f elementor-widget elementor-widget-text-editor\" data-id=\"d18434f\" data-element_type=\"widget\" data-e-type=\"widget\" data-widget_type=\"text-editor.default\">\n\t\t\t\t\t\t\t\t\t<p><a href=\"https:\/\/www.turanlarahsap.com\/hus-kontrplak#collapseOneTab\"><strong>\u00dcr\u00fcn Bilgisi<\/strong><\/a><\/p><p>Rusya men\u015fei sert soymal\u0131k tomruklardan \u00fcretilen ve genellikle mobilya sekt\u00f6r\u00fcnde kullan\u0131lmaya m\u00fcsait suya dayan\u0131kl\u0131 bir kontrplak t\u00fcr\u00fcd\u00fcr. Hu\u015f Kontrplak y\u00fczeylerinin temiz olmas\u0131 ve a\u00e7\u0131k renk bir g\u00f6r\u00fcnt\u00fcye sahip olmas\u0131 sebebiyle \u00e7ok tercih edilen kaliteli bir kontrplak \u00e7e\u015fididir.<\/p>\t\t\t\t\t\t\t\t<\/div>\n\t\t\t\t\t<\/div>\n\t\t\t\t<\/div>\n\t\t<div class=\"elementor-element elementor-element-c7ea7f2 e-flex e-con-boxed e-con e-parent\" data-id=\"c7ea7f2\" data-element_type=\"container\" data-e-type=\"container\">\n\t\t\t\t\t<div class=\"e-con-inner\">\n\t\t\t\t<div class=\"elementor-element elementor-element-0912230 elementor-widget elementor-widget-sawmall_call_to_action_v2\" data-id=\"0912230\" data-element_type=\"widget\" data-e-type=\"widget\" data-widget_type=\"sawmall_call_to_action_v2.default\">\n\t\t\t\t<div class=\"elementor-widget-container\">\n\t\t\t\t\t\t\t\r\n        <!-- Call To Action Two Section -->\r\n        <section class=\"call-to-action-section-two\" style=\"background-image:url(https:\/\/www.moonstarahsap.com\/wp-content\/uploads\/2020\/12\/9-1.jpg)\">\r\n            <div class=\"auto-container\">\r\n                <div class=\"row clearfix\">\r\n                    \r\n                    <!-- Title Column -->\r\n                    <div class=\"title-column col-lg-7 col-md-12 col-sm-12\">\r\n                        <div class=\"inner-column\">\r\n                            <h3>Daha fazla \u00fcr\u00fcn i\u00e7in bizimle ileti\u015fime ge\u00e7in<\/h3>\r\n                        <\/div>\r\n                    <\/div>\r\n                                        <!-- Button Column -->\r\n                    <div class=\"btn-column col-lg-5 col-md-12 col-sm-12\">\r\n                        <div class=\"inner-column\">\r\n                            <a href=\"https:\/\/www.moonstarahsap.com\/index.php\/contact-us\" class=\"theme-btn btn-style-four\"><span class=\"txt\">Bize Ula\u015f\u0131n<\/span><\/a>\r\n                        <\/div>\r\n                    <\/div>\r\n                                    <\/div>\r\n            <\/div>\r\n        <\/section>\r\n        <!-- End Call To Action Two Section -->\r\n        \r\n        \t\t\t\t<\/div>\n\t\t\t\t<\/div>\n\t\t\t\t\t<\/div>\n\t\t\t\t<\/div>\n\t\t\t\t<\/div>\n\t\t","protected":false},"excerpt":{"rendered":"<p>Hu\u015f Kontrplak Teknik \u00d6zellikleri \u00dcr\u00fcn Markas\u0131: MYWOOD \u00dcr\u00fcn \u00d6l\u00e7\u00fcleri: 2500x1250mm \/ 3000x1500mm \/ 1525x1525mm Kal\u0131nl\u0131klar: 4-6,5-9-10-12-15-18-21-24-30-40mm \u00dcr\u00fcn yo\u011funlu\u011fu:680 kg\/m3 Y\u00fczey kalitesi: BB\/BB (\u00e7ift taraf\u0131 temiz y\u00fczey) Tutkal:Fenol formaldehid (%100 suya dayan\u0131kl\u0131 tutkal) Kullan\u0131m alanlar\u0131: mobilya sekt\u00f6r\u00fc, i\u00e7-d\u0131\u015f dekorasyon, mimari fig\u00fcrler \u00dcr\u00fcn Kodu: MON-KH \u00dcr\u00fcn Bilgisi Rusya men\u015fei sert soymal\u0131k tomruklardan \u00fcretilen ve genellikle mobilya sekt\u00f6r\u00fcnde [&hellip;]<\/p>\n","protected":false},"author":1,"featured_media":0,"parent":0,"menu_order":0,"comment_status":"closed","ping_status":"closed","template":"","meta":{"ngg_post_thumbnail":0,"footnotes":""},"class_list":["post-1915","page","type-page","status-publish","hentry"],"_links":{"self":[{"href":"https:\/\/www.moonstarahsap.com\/index.php\/wp-json\/wp\/v2\/pages\/1915","targetHints":{"allow":["GET"]}}],"collection":[{"href":"https:\/\/www.moonstarahsap.com\/index.php\/wp-json\/wp\/v2\/pages"}],"about":[{"href":"https:\/\/www.moonstarahsap.com\/index.php\/wp-json\/wp\/v2\/types\/page"}],"author":[{"embeddable":true,"href":"https:\/\/www.moonstarahsap.com\/index.php\/wp-json\/wp\/v2\/users\/1"}],"replies":[{"embeddable":true,"href":"https:\/\/www.moonstarahsap.com\/index.php\/wp-json\/wp\/v2\/comments?post=1915"}],"version-history":[{"count":7,"href":"https:\/\/www.moonstarahsap.com\/index.php\/wp-json\/wp\/v2\/pages\/1915\/revisions"}],"predecessor-version":[{"id":1990,"href":"https:\/\/www.moonstarahsap.com\/index.php\/wp-json\/wp\/v2\/pages\/1915\/revisions\/1990"}],"wp:attachment":[{"href":"https:\/\/www.moonstarahsap.com\/index.php\/wp-json\/wp\/v2\/media?parent=1915"}],"curies":[{"name":"wp","href":"https:\/\/api.w.org\/{rel}","templated":true}]}}