{"id":1904,"date":"2025-07-18T16:21:00","date_gmt":"2025-07-18T13:21:00","guid":{"rendered":"https:\/\/www.moonstarahsap.com\/?page_id=1904"},"modified":"2025-10-01T15:59:13","modified_gmt":"2025-10-01T12:59:13","slug":"kavak","status":"publish","type":"page","link":"https:\/\/www.moonstarahsap.com\/index.php\/kavak","title":{"rendered":"Kavak"},"content":{"rendered":"\t\t<div data-elementor-type=\"wp-page\" data-elementor-id=\"1904\" class=\"elementor elementor-1904\">\n\t\t\t\t<div class=\"elementor-element elementor-element-e0c6854 e-flex e-con-boxed e-con e-parent\" data-id=\"e0c6854\" data-element_type=\"container\" data-e-type=\"container\">\n\t\t\t\t\t<div class=\"e-con-inner\">\n\t\t\t\t<div class=\"elementor-element elementor-element-02b5516 elementor-widget__width-inherit elementor-widget elementor-widget-sawmall_why_choose_us\" data-id=\"02b5516\" data-element_type=\"widget\" data-e-type=\"widget\" data-widget_type=\"sawmall_why_choose_us.default\">\n\t\t\t\t<div class=\"elementor-widget-container\">\n\t\t\t\t\t\t\t\r\n        <!-- Fluid Section Two -->\r\n        <section class=\"fluid-section-two\">\r\n            <div class=\"outer-container clearfix\">\r\n                                <!--Image Column-->\r\n                <div class=\"image-column\" style=\"background-image:url(https:\/\/www.moonstarahsap.com\/wp-content\/uploads\/2025\/10\/ssss.jpg)\">\r\n                    <figure class=\"image-box\"><img decoding=\"async\" src=\"https:\/\/www.moonstarahsap.com\/wp-content\/uploads\/2025\/10\/ssss.jpg\" alt=\"Awesome Image\"><\/figure>\r\n                <\/div>\r\n                                <!--Content Column-->\r\n                <div class=\"content-column\">\r\n                    <div class=\"inner-column\">\r\n                                                <!-- Sec Title -->\r\n                        <div class=\"sec-title\">\r\n                            <h2>Filmli Plywood (Kavak) Teknik \u00d6zellikleri<\/h2>\r\n                            <div class=\"separate\"><\/div>\r\n                        <\/div>\r\n                                                <div class=\"text\"><p><strong>Markalar(Yerli): <\/strong>MYWOOD (9 Katman \u00c7am)<br \/>\n<strong>Markalar (\u0130thal): <\/strong>MYWOOD (13 Katman Hu\u015f)<br \/>\n<strong>\u00dcr\u00fcn \u00d6l\u00e7\u00fcleri: <\/strong> 2500x1250mm<br \/>\n<strong>Kal\u0131nl\u0131klar: <\/strong>15,18,20 mm<br \/>\n<strong>\u00dcr\u00fcn yo\u011funlu\u011fu:  <\/strong>600-700 kg\/m3<br \/>\n<strong>Tutkal:<\/strong>Fenol formaldehid (%100 suya dayan\u0131kl\u0131 tutkal)<br \/>\n<strong>Kullan\u0131m alanlar\u0131: <\/strong>\u0130n\u015faat sekt\u00f6r\u00fc, beton kal\u0131p<br \/>\n<strong>\u00dcr\u00fcn Kodu: <\/strong>MON-FPKV<br \/>\n<\/div>\r\n                        <div class=\"row clearfix\">\r\n                            <div class=\"column col-md-6 col-sm-6 col-xs-12\">\r\n                                <ul class=\"list-style-one\">\r\n                                                                                                          <li><span class=\"\"><\/span> <\/li>\r\n                                                                    <\/ul>\r\n                            <\/div>\r\n                        <\/div>\r\n                    <\/div>\r\n                <\/div>\r\n                \r\n            <\/div>\r\n        <\/section>\r\n        \r\n        \t\t\t\t<\/div>\n\t\t\t\t<\/div>\n\t\t\t\t\t<\/div>\n\t\t\t\t<\/div>\n\t\t<div class=\"elementor-element elementor-element-f703524 e-flex e-con-boxed e-con e-parent\" data-id=\"f703524\" data-element_type=\"container\" data-e-type=\"container\">\n\t\t\t\t\t<div class=\"e-con-inner\">\n\t\t\t\t<div class=\"elementor-element elementor-element-69205d7 elementor-widget elementor-widget-text-editor\" data-id=\"69205d7\" data-element_type=\"widget\" data-e-type=\"widget\" data-widget_type=\"text-editor.default\">\n\t\t\t\t\t\t\t\t\t<p><a href=\"https:\/\/www.turanlarahsap.com\/filmli-plywood#collapseOneTab\"><strong>\u00dcr\u00fcn Bilgisi<\/strong><\/a><\/p><p>Her iki y\u00fcz\u00fc Fenolik film kapl\u0131 kenarlar\u0131 su ge\u00e7irmez Akrilik boya ile yal\u0131t\u0131lm\u0131\u015f kalitesine g\u00f6re \u00e7e\u015fitli a\u011fa\u00e7lardan imal edilen plywood t\u00fcr\u00fcd\u00fcr. \u0130n\u015faatlarda beton kal\u0131p sistemlerinde p\u00fcr\u00fczs\u00fcz y\u00fczey sa\u011flamak amac\u0131 ile kullan\u0131lan plywood tekrar say\u0131s\u0131 \u00e7ok y\u00fcksek olan bir malzemedir. Yerli ve ithal olmak \u00fczere farkl\u0131 kalitelerde plywood \u00e7e\u015fitleri mevcuttur.<\/p>\t\t\t\t\t\t\t\t<\/div>\n\t\t\t\t\t<\/div>\n\t\t\t\t<\/div>\n\t\t<div class=\"elementor-element elementor-element-9c53580 e-flex e-con-boxed e-con e-parent\" data-id=\"9c53580\" data-element_type=\"container\" data-e-type=\"container\">\n\t\t\t\t\t<div class=\"e-con-inner\">\n\t\t\t\t<div class=\"elementor-element elementor-element-5dba171 elementor-widget elementor-widget-sawmall_call_to_action_v2\" data-id=\"5dba171\" data-element_type=\"widget\" data-e-type=\"widget\" data-widget_type=\"sawmall_call_to_action_v2.default\">\n\t\t\t\t<div class=\"elementor-widget-container\">\n\t\t\t\t\t\t\t\r\n        <!-- Call To Action Two Section -->\r\n        <section class=\"call-to-action-section-two\" style=\"background-image:url(https:\/\/www.moonstarahsap.com\/wp-content\/uploads\/2020\/12\/9-1.jpg)\">\r\n            <div class=\"auto-container\">\r\n                <div class=\"row clearfix\">\r\n                    \r\n                    <!-- Title Column -->\r\n                    <div class=\"title-column col-lg-7 col-md-12 col-sm-12\">\r\n                        <div class=\"inner-column\">\r\n                            <h3>Daha fazla \u00fcr\u00fcn i\u00e7in bizimle ileti\u015fime ge\u00e7in<\/h3>\r\n                        <\/div>\r\n                    <\/div>\r\n                                        <!-- Button Column -->\r\n                    <div class=\"btn-column col-lg-5 col-md-12 col-sm-12\">\r\n                        <div class=\"inner-column\">\r\n                            <a href=\"https:\/\/www.moonstarahsap.com\/index.php\/contact-us\" class=\"theme-btn btn-style-four\"><span class=\"txt\">Bize Ula\u015f\u0131n<\/span><\/a>\r\n                        <\/div>\r\n                    <\/div>\r\n                                    <\/div>\r\n            <\/div>\r\n        <\/section>\r\n        <!-- End Call To Action Two Section -->\r\n        \r\n        \t\t\t\t<\/div>\n\t\t\t\t<\/div>\n\t\t\t\t\t<\/div>\n\t\t\t\t<\/div>\n\t\t\t\t<\/div>\n\t\t","protected":false},"excerpt":{"rendered":"<p>Filmli Plywood (Kavak) Teknik \u00d6zellikleri Markalar(Yerli): MYWOOD (9 Katman \u00c7am) Markalar (\u0130thal): MYWOOD (13 Katman Hu\u015f) \u00dcr\u00fcn \u00d6l\u00e7\u00fcleri: 2500x1250mm Kal\u0131nl\u0131klar: 15,18,20 mm \u00dcr\u00fcn yo\u011funlu\u011fu: 600-700 kg\/m3 Tutkal:Fenol formaldehid (%100 suya dayan\u0131kl\u0131 tutkal) Kullan\u0131m alanlar\u0131: \u0130n\u015faat sekt\u00f6r\u00fc, beton kal\u0131p \u00dcr\u00fcn Kodu: MON-FPKV \u00dcr\u00fcn Bilgisi Her iki y\u00fcz\u00fc Fenolik film kapl\u0131 kenarlar\u0131 su ge\u00e7irmez Akrilik boya ile [&hellip;]<\/p>\n","protected":false},"author":1,"featured_media":0,"parent":0,"menu_order":0,"comment_status":"closed","ping_status":"closed","template":"","meta":{"ngg_post_thumbnail":0,"footnotes":""},"class_list":["post-1904","page","type-page","status-publish","hentry"],"_links":{"self":[{"href":"https:\/\/www.moonstarahsap.com\/index.php\/wp-json\/wp\/v2\/pages\/1904","targetHints":{"allow":["GET"]}}],"collection":[{"href":"https:\/\/www.moonstarahsap.com\/index.php\/wp-json\/wp\/v2\/pages"}],"about":[{"href":"https:\/\/www.moonstarahsap.com\/index.php\/wp-json\/wp\/v2\/types\/page"}],"author":[{"embeddable":true,"href":"https:\/\/www.moonstarahsap.com\/index.php\/wp-json\/wp\/v2\/users\/1"}],"replies":[{"embeddable":true,"href":"https:\/\/www.moonstarahsap.com\/index.php\/wp-json\/wp\/v2\/comments?post=1904"}],"version-history":[{"count":13,"href":"https:\/\/www.moonstarahsap.com\/index.php\/wp-json\/wp\/v2\/pages\/1904\/revisions"}],"predecessor-version":[{"id":1975,"href":"https:\/\/www.moonstarahsap.com\/index.php\/wp-json\/wp\/v2\/pages\/1904\/revisions\/1975"}],"wp:attachment":[{"href":"https:\/\/www.moonstarahsap.com\/index.php\/wp-json\/wp\/v2\/media?parent=1904"}],"curies":[{"name":"wp","href":"https:\/\/api.w.org\/{rel}","templated":true}]}}