{"id":1623,"date":"2022-12-21T02:13:08","date_gmt":"2022-12-20T23:13:08","guid":{"rendered":"https:\/\/www.moonstarahsap.com\/?page_id=1623"},"modified":"2023-01-11T18:07:33","modified_gmt":"2023-01-11T15:07:33","slug":"hus-pelet","status":"publish","type":"page","link":"https:\/\/www.moonstarahsap.com\/index.php\/pelet\/hus-pelet","title":{"rendered":"Hu\u015f Pelet"},"content":{"rendered":"\t\t<div data-elementor-type=\"wp-page\" data-elementor-id=\"1623\" class=\"elementor elementor-1623\">\n\t\t\t\t\t\t<section class=\"elementor-section elementor-top-section elementor-element elementor-element-4c94904 elementor-section-boxed elementor-section-height-default elementor-section-height-default\" data-id=\"4c94904\" data-element_type=\"section\" data-e-type=\"section\">\n\t\t\t\t\t\t<div class=\"elementor-container elementor-column-gap-default\">\n\t\t\t\t\t<div class=\"elementor-column elementor-col-100 elementor-top-column elementor-element elementor-element-105680d\" data-id=\"105680d\" data-element_type=\"column\" data-e-type=\"column\">\n\t\t\t<div class=\"elementor-widget-wrap elementor-element-populated\">\n\t\t\t\t\t\t<div class=\"elementor-element elementor-element-f55ce15 elementor-widget elementor-widget-text-editor\" data-id=\"f55ce15\" data-element_type=\"widget\" data-e-type=\"widget\" data-widget_type=\"text-editor.default\">\n\t\t\t\t\t\t\t\t\t<p><br \/><br \/><strong><img fetchpriority=\"high\" decoding=\"async\" class=\"alignleft size-medium wp-image-1745\" src=\"https:\/\/www.moonstarahsap.com\/wp-content\/uploads\/2023\/01\/pelet-300x237.jpg\" alt=\"\" width=\"300\" height=\"237\" srcset=\"https:\/\/www.moonstarahsap.com\/wp-content\/uploads\/2023\/01\/pelet-300x237.jpg 300w, https:\/\/www.moonstarahsap.com\/wp-content\/uploads\/2023\/01\/pelet-768x607.jpg 768w, https:\/\/www.moonstarahsap.com\/wp-content\/uploads\/2023\/01\/pelet.jpg 944w\" sizes=\"(max-width: 300px) 100vw, 300px\" \/>Pelet Nedir?<\/strong><br \/><br \/>Son y\u00fczy\u0131ldaki en \u00f6nemli sorunlardan biri i\u00e7inde ya\u015fad\u0131\u011f\u0131m\u0131z d\u00fcnyan\u0131n, k\u00fcresel \u0131s\u0131nma ve \u00e7evre kirlili\u011fi tehlikesi ile kar\u015f\u0131 kar\u015f\u0131ya olmas\u0131d\u0131r. <br \/><br \/>\u0130\u015fte tam da bu noktada gerek do\u011fal olarak elde edilmesi ve kullan\u0131m\u0131 neticesinde do\u011faya minimum zarar vermesi, gerekse uzun vadede ekonomik olmas\u0131 nedeniyle alternatif bir enerji kayna\u011f\u0131 olarak \u2018pelet\u2019 kar\u015f\u0131m\u0131za \u00e7\u0131kmaktad\u0131r.\u00a0<br \/><br \/><strong>Kelime anlam\u0131 olarak tablet, misket, yumak, topak anlamlar\u0131na gelen pelet, terminolojik olarak, genellikle k\u00fc\u00e7\u00fck formda olu\u015fturulmu\u015f, genellikle 6-10 mm \u00e7ap\u0131nda ve 10-50 mm aras\u0131nda uzunlu\u011fu olan, s\u0131k\u0131\u015ft\u0131r\u0131lm\u0131\u015f; tala\u015f, odun yongalar\u0131, a\u011fa\u00e7 kabu\u011fu, zirai \u00fcr\u00fcnler, ekinlerin saplar\u0131, f\u0131nd\u0131k, badem, ceviz kabuklar\u0131 gibi do\u011fal \u00fcr\u00fcn ve at\u0131klardan elde edilen bir yak\u0131t t\u00fcr\u00fcd\u00fcr.<br \/><br \/><\/strong>\u00a0B\u00fct\u00fcn odun \u00e7e\u015fitlerini kullanarak pelet \u00fcretilebilir. Ancak yumu\u015fak odun t\u00fcrleri (ibreli a\u011fa\u00e7lar) pelet i\u00e7in daha uygundur. \u00c7\u00fcnk\u00fc yumu\u015fak odun t\u00fcrleri sert odun t\u00fcrlerinden (yaprakl\u0131 a\u011fa\u00e7lar) daha \u00e7ok lignin i\u00e7ermektedir. <br \/><br \/>Lignin do\u011fal yap\u0131\u015ft\u0131r\u0131c\u0131 madde olarak odunun i\u00e7inde oldu\u011funda pelet \u00fcretiminde ba\u011flay\u0131c\u0131 madde olarak katk\u0131 sa\u011flar. Pelet \u00fcretiminde herhangi bir ek katk\u0131 maddesine gerek duyulmaz. Herhangi bir katk\u0131 olmadan \u00fcretilebilen pelet, kalorifer kazanlar\u0131nda, evdeki sobalarda (pelet sobas\u0131), sanayide, ekmek f\u0131r\u0131nlar\u0131nda ve farkl\u0131 yerlerde kullan\u0131labilir.<br \/><br \/><\/p><p>Yayg\u0131n olarak kulland\u0131\u011f\u0131m\u0131z petrol ve k\u00f6m\u00fcr gibi fosil esasl\u0131 yak\u0131tlar \u00e7evresel zarar bi\u00e7iminde ortaya \u00e7\u0131kan tehlikenin ger\u00e7ekle\u015fmesini h\u0131zland\u0131rmaktad\u0131r. <br \/><br \/>Pelet, d\u00fcnyan\u0131n bir\u00e7ok \u00fclkesinde yayg\u0131n olarak kullan\u0131lmakta olup \u00e7evreye zarar\u0131 \u00e7ok az olan bir yak\u0131t t\u00fcr\u00fc olmas\u0131 nedeniyle avantaj sa\u011flamaktad\u0131r.<\/p><p>Peletin rutubet ortam\u0131nda \u00fcretiliyor olmas\u0131 ve \u00e7ok k\u00fc\u00e7\u00fck ebatlarda s\u0131k\u0131\u015ft\u0131r\u0131larak elde edilmesi nedeniyle yak\u0131t muadillerine(k\u00f6m\u00fcr vb) g\u00f6re yakla\u015f\u0131k 2 kat\u0131 enerji elde edilmesi m\u00fcmk\u00fcn. Odun peletleri direkte odun yal\u0131kmas\u0131 bi\u00e7iminde elde edilen enerjiye k\u0131yasla 4 ile 10 kat daha yo\u011fun bir yak\u0131tt\u0131r. Bu y\u00fcksek yo\u011funluk (650 kg\/m3) yo\u011fun bir depolama ve uzak mesafelere uygun ve ucuz nakliyeyi sa\u011flar.<br \/><br \/>1 MWh enerji \u00fcretmede pelete k\u0131yasla do\u011fal gaz 3 kat\u0131, fuel-oil 5 kat\u0131 ve elektrikle \u0131s\u0131tma ise 10 kat\u0131 kadar atmosfere CO2 salmaktad\u0131r. Bu de\u011ferler dikkate al\u0131nd\u0131\u011f\u0131nda, peletle enerji \u00fcretme ve pelet kullan\u0131m\u0131 karbon kullan\u0131m\u0131 bak\u0131m\u0131ndan \u00e7ok avantajl\u0131 bir ortam yaratmaktad\u0131r. <br \/><br \/>Ayr\u0131ca kal\u0131nt\u0131 olarak kar\u015f\u0131la\u015ft\u0131rma yapt\u0131\u011f\u0131m\u0131zda peletin k\u00fcl oran\u0131 k\u00f6m\u00fcr\u00fcn yanmas\u0131 ile olu\u015fan k\u00fcl oran\u0131 (% 3 ile 20 aras\u0131) ve tar\u0131msal bitkiler, otlar ve art\u0131klar\u0131n k\u00fcl oran\u0131 (% 3 ile 10 aras\u0131) ile k\u0131yasland\u0131\u011f\u0131nda avantaj sa\u011flad\u0131\u011f\u0131n\u0131 g\u00f6r\u00fcyoruz.<br \/><br \/><\/p><p>\u00dclkemizde pelet \u00fcretmek i\u00e7in yeterli hammadde kaynaklar\u0131 ve potansiyel bir pazar bulunmas\u0131na ra\u011fmen, hen\u00fcz \u00fcretim ve kullan\u0131m\u0131 yayg\u0131n de\u011fildir. Pelet \u00fcretmek ve kullanmak hem \u00e7evre kirlili\u011fini \u00f6nlemekte hem de \u00fclke ekonomisinin d\u0131\u015fa ba\u011f\u0131ml\u0131l\u0131\u011f\u0131n\u0131 azaltmaktad\u0131r. D\u00fcnyadaki pelet kullan\u0131m\u0131na bakt\u0131\u011f\u0131m\u0131zda yakla\u015f\u0131k 40 y\u0131ld\u0131r aktif olarak kullan\u0131lan bir yak\u0131t olarak kar\u015f\u0131m\u0131za \u00e7\u0131kmaktad\u0131r. <br \/><br \/>Avrupa\u2019da, \u0130sve\u00e7 lider \u00fclke rol\u00fcn\u00fc alarak 1980 y\u0131l\u0131nda pelet \u00fcretimine ba\u015flam\u0131\u015ft\u0131r. Daha sonra di\u011fer Avrupa \u00fclkeleri pelet \u00fcretimine kat\u0131lm\u0131\u015flard\u0131r. Bu g\u00fcn ise Ba\u015fta Kuzey Amerika ve Kuzey Avrupa olmak \u00fczere d\u00fcnyada y\u00fczlerce tesiste milyonlarca ton pelet \u00fcretilmekte ve alternatif enerji kayna\u011f\u0131 olarak kullan\u0131lmaktad\u0131r.<br \/><br \/>T\u00fcrkiye yakla\u015f\u0131k 40 y\u0131ll\u0131k bir gecikmenin ard\u0131ndan son 5 y\u0131ld\u0131r aktif olarak \u00fcretim sa\u011flayan ve talebin \u00e7ok k\u00fc\u00e7\u00fck bir b\u00f6l\u00fcm\u00fcn\u00fc kar\u015f\u0131layan \u00fcretim mevcuttur.<br \/><br \/><br \/><strong>NOK PELET<\/strong>\u00a0<br \/>olarak saatte 4 ton kapasiteli makinelerde g\u00fcn\u00fcn 16 saati faaliyet g\u00f6steren tesisimizde, uzman kadromuzun ve m\u00fchendislerimizin g\u00f6zetiminde, \u00fcretim yap\u0131larak T\u00fcrkiye\u2019 nin pelet talebinin b\u00fcy\u00fck bir b\u00f6l\u00fcm\u00fc kar\u015f\u0131lanmaktad\u0131r. 5 y\u0131ll\u0131k s\u00fcre\u00e7te Orta Anadolu\u2019da kurulacak olan yeni tesisimiz ile kapasite art\u0131\u015f\u0131 ve Do\u011fu &#8211; G\u00fcneydo\u011fu b\u00f6lgeleri Pelet ihtiyac\u0131n\u0131n kar\u015f\u0131lanmas\u0131 planlanmaktad\u0131r.<\/p>\t\t\t\t\t\t\t\t<\/div>\n\t\t\t\t\t<\/div>\n\t\t<\/div>\n\t\t\t\t\t<\/div>\n\t\t<\/section>\n\t\t\t\t<\/div>\n\t\t","protected":false},"excerpt":{"rendered":"<p>Pelet Nedir? Son y\u00fczy\u0131ldaki en \u00f6nemli sorunlardan biri i\u00e7inde ya\u015fad\u0131\u011f\u0131m\u0131z d\u00fcnyan\u0131n, k\u00fcresel \u0131s\u0131nma ve \u00e7evre kirlili\u011fi tehlikesi ile kar\u015f\u0131 kar\u015f\u0131ya olmas\u0131d\u0131r. \u0130\u015fte tam da bu noktada gerek do\u011fal olarak elde edilmesi ve kullan\u0131m\u0131 neticesinde do\u011faya minimum zarar vermesi, gerekse uzun vadede ekonomik olmas\u0131 nedeniyle alternatif bir enerji kayna\u011f\u0131 olarak \u2018pelet\u2019 kar\u015f\u0131m\u0131za \u00e7\u0131kmaktad\u0131r.\u00a0 Kelime anlam\u0131 olarak [&hellip;]<\/p>\n","protected":false},"author":1,"featured_media":0,"parent":1356,"menu_order":0,"comment_status":"closed","ping_status":"closed","template":"","meta":{"ngg_post_thumbnail":0,"footnotes":""},"class_list":["post-1623","page","type-page","status-publish","hentry"],"_links":{"self":[{"href":"https:\/\/www.moonstarahsap.com\/index.php\/wp-json\/wp\/v2\/pages\/1623","targetHints":{"allow":["GET"]}}],"collection":[{"href":"https:\/\/www.moonstarahsap.com\/index.php\/wp-json\/wp\/v2\/pages"}],"about":[{"href":"https:\/\/www.moonstarahsap.com\/index.php\/wp-json\/wp\/v2\/types\/page"}],"author":[{"embeddable":true,"href":"https:\/\/www.moonstarahsap.com\/index.php\/wp-json\/wp\/v2\/users\/1"}],"replies":[{"embeddable":true,"href":"https:\/\/www.moonstarahsap.com\/index.php\/wp-json\/wp\/v2\/comments?post=1623"}],"version-history":[{"count":4,"href":"https:\/\/www.moonstarahsap.com\/index.php\/wp-json\/wp\/v2\/pages\/1623\/revisions"}],"predecessor-version":[{"id":1751,"href":"https:\/\/www.moonstarahsap.com\/index.php\/wp-json\/wp\/v2\/pages\/1623\/revisions\/1751"}],"up":[{"embeddable":true,"href":"https:\/\/www.moonstarahsap.com\/index.php\/wp-json\/wp\/v2\/pages\/1356"}],"wp:attachment":[{"href":"https:\/\/www.moonstarahsap.com\/index.php\/wp-json\/wp\/v2\/media?parent=1623"}],"curies":[{"name":"wp","href":"https:\/\/api.w.org\/{rel}","templated":true}]}}