{"id":1609,"date":"2022-12-21T02:11:19","date_gmt":"2022-12-20T23:11:19","guid":{"rendered":"https:\/\/www.moonstarahsap.com\/?page_id=1609"},"modified":"2023-01-11T17:14:51","modified_gmt":"2023-01-11T14:14:51","slug":"cam-kereste","status":"publish","type":"page","link":"https:\/\/www.moonstarahsap.com\/index.php\/kereste\/cam-kereste","title":{"rendered":"\u00c7am Kereste"},"content":{"rendered":"\t\t<div data-elementor-type=\"wp-page\" data-elementor-id=\"1609\" class=\"elementor elementor-1609\">\n\t\t\t\t\t\t<section class=\"elementor-section elementor-top-section elementor-element elementor-element-c6140fa elementor-section-boxed elementor-section-height-default elementor-section-height-default\" data-id=\"c6140fa\" data-element_type=\"section\" data-e-type=\"section\">\n\t\t\t\t\t\t<div class=\"elementor-container elementor-column-gap-default\">\n\t\t\t\t\t<div class=\"elementor-column elementor-col-100 elementor-top-column elementor-element elementor-element-e1f72d6\" data-id=\"e1f72d6\" data-element_type=\"column\" data-e-type=\"column\">\n\t\t\t<div class=\"elementor-widget-wrap elementor-element-populated\">\n\t\t\t\t\t\t<div class=\"elementor-element elementor-element-b6e76e5 elementor-widget__width-inherit elementor-widget elementor-widget-sawmall_why_choose_us\" data-id=\"b6e76e5\" data-element_type=\"widget\" data-e-type=\"widget\" data-widget_type=\"sawmall_why_choose_us.default\">\n\t\t\t\t<div class=\"elementor-widget-container\">\n\t\t\t\t\t\t\t\r\n        <!-- Fluid Section Two -->\r\n        <section class=\"fluid-section-two\">\r\n            <div class=\"outer-container clearfix\">\r\n                                <!--Image Column-->\r\n                <div class=\"image-column\" style=\"background-image:url(https:\/\/www.moonstarahsap.com\/wp-content\/uploads\/2023\/01\/kereste.jpg)\">\r\n                    <figure class=\"image-box\"><img decoding=\"async\" src=\"https:\/\/www.moonstarahsap.com\/wp-content\/uploads\/2023\/01\/kereste.jpg\" alt=\"Awesome Image\"><\/figure>\r\n                <\/div>\r\n                                <!--Content Column-->\r\n                <div class=\"content-column\">\r\n                    <div class=\"inner-column\">\r\n                                                <!-- Sec Title -->\r\n                        <div class=\"sec-title\">\r\n                            <h2>Kereste Teknik \u00d6zellikleri<\/h2>\r\n                            <div class=\"separate\"><\/div>\r\n                        <\/div>\r\n                                                <div class=\"text\"><p><strong>A\u011fa&ccedil; T&uuml;rleri: <\/strong>\u00c7am - Ladin<br \/>\n<strong>Yap\u0131\u015ft\u0131rma Kalitesi: <\/strong>DIN EN 204 Standard\u0131na uygun D3-D4 normunda<br \/>\n<strong>&Ouml;l&ccedil;&uuml;ler<\/strong> (mm)<br \/>\n<strong>KALINLIK : <\/strong>38-40-45-50 mm<br \/>\n<strong>GEN\u0130\u015eL\u0130K : <\/strong>90-100-110120-130-140-150 mm<br \/>\n<strong>UZUNLUK : <\/strong>2000-3000-4000-5000-6000 mm<br \/>\n<strong>Nem \u0130&ccedil;eri\u011fi : <\/strong>%10 &plusmn; 2<br \/>\n<strong>Paketleme: <\/strong>Tekli Olarak paketlenmi\u015ftir.<br \/>\n<strong>Z\u0131mpara Kalitesi: <\/strong>120 kum<br \/>\n<strong>SINIFI:<\/strong> AA, AB, BB, BC,CC, Rustic<br \/>\n&nbsp;<\/p>\n<\/div>\r\n                        <div class=\"row clearfix\">\r\n                            <div class=\"column col-md-6 col-sm-6 col-xs-12\">\r\n                                <ul class=\"list-style-one\">\r\n                                                                                                          <li><span class=\"\"><\/span> <\/li>\r\n                                                                    <\/ul>\r\n                            <\/div>\r\n                        <\/div>\r\n                    <\/div>\r\n                <\/div>\r\n                \r\n            <\/div>\r\n        <\/section>\r\n        \r\n        \t\t\t\t<\/div>\n\t\t\t\t<\/div>\n\t\t\t\t\t<\/div>\n\t\t<\/div>\n\t\t\t\t\t<\/div>\n\t\t<\/section>\n\t\t\t\t<section class=\"elementor-section elementor-top-section elementor-element elementor-element-a7126f8 elementor-section-boxed elementor-section-height-default elementor-section-height-default\" data-id=\"a7126f8\" data-element_type=\"section\" data-e-type=\"section\">\n\t\t\t\t\t\t<div class=\"elementor-container elementor-column-gap-default\">\n\t\t\t\t\t<div class=\"elementor-column elementor-col-100 elementor-top-column elementor-element elementor-element-dc82739\" data-id=\"dc82739\" data-element_type=\"column\" data-e-type=\"column\">\n\t\t\t<div class=\"elementor-widget-wrap elementor-element-populated\">\n\t\t\t\t\t\t<div class=\"elementor-element elementor-element-b1afcef elementor-widget elementor-widget-text-editor\" data-id=\"b1afcef\" data-element_type=\"widget\" data-e-type=\"widget\" data-widget_type=\"text-editor.default\">\n\t\t\t\t\t\t\t\t\t<p><br \/><br \/>Ba\u015fta kuzey, \u0131l\u0131man veya da\u011fl\u0131k<img fetchpriority=\"high\" decoding=\"async\" class=\"size-medium wp-image-1676 alignright\" src=\"https:\/\/www.moonstarahsap.com\/wp-content\/uploads\/2023\/01\/PHOTO-2021-11-16-16-12-20-225x300.jpg\" alt=\"\" width=\"225\" height=\"300\" srcset=\"https:\/\/www.moonstarahsap.com\/wp-content\/uploads\/2023\/01\/PHOTO-2021-11-16-16-12-20-225x300.jpg 225w, https:\/\/www.moonstarahsap.com\/wp-content\/uploads\/2023\/01\/PHOTO-2021-11-16-16-12-20.jpg 480w\" sizes=\"(max-width: 225px) 100vw, 225px\" \/> tropik b\u00f6lgelerde olmak \u00fczere kuzey yar\u0131mk\u00fcrenin t\u00fcm k\u0131talar\u0131na ve baz\u0131 okyanus adalar\u0131na \u00f6zg\u00fcd\u00fcr; g\u00fcneydo\u011fu Asya\u2019da Ekvator\u2019un en g\u00fcneydeki da\u011f\u0131l\u0131m\u0131na ula\u015f\u0131r (Sumatra;\u00a0<i>P. merkusii<\/i>). G\u00fcney yar\u0131mk\u00fcrenin \u00e7o\u011funda s\u00fcs ve kereste a\u011fa\u00e7lar\u0131 olarak tan\u0131t\u0131lm\u0131\u015ft\u0131r.<br \/><br \/><\/p><p>\u00c7o\u011fu \u00e7am, yang\u0131na uyarlanm\u0131\u015ft\u0131r, yani yang\u0131n\u0131n tekrarlamas\u0131, \u00e7amlar\u0131n, \u00e7am olmayanlar\u0131n hakimiyetine yol a\u00e7an orman dizilerinde bask\u0131n bir rol s\u00fcrd\u00fcrmesine izin verir. Bu yang\u0131na adaptasyonun kesin do\u011fas\u0131, baz\u0131 \u00e7amlar\u0131n s\u0131k s\u0131k d\u00fc\u015f\u00fck yo\u011funluklu yang\u0131nlara tolerans g\u00f6stermesi ve di\u011ferlerinin, me\u015fcereleri yok eden yang\u0131nlara izin veren y\u00fcksek yak\u0131t birikimleri \u00fcretme e\u011filiminde olmas\u0131 ve ard\u0131ndan \u00e7amlar\u0131n h\u0131zla yenilenmesiyle b\u00fcy\u00fck \u00f6l\u00e7\u00fcde de\u011fi\u015fir. Ate\u015fin seyrek oldu\u011fu veya hi\u00e7 olmad\u0131\u011f\u0131 habitatlarda, \u00e7am a\u011fa\u00e7lar\u0131 serpantin \u00e7oraklar\u0131, litosoller veya batakl\u0131klar gibi besin a\u00e7\u0131s\u0131ndan fakir yerlerde bulunma e\u011filimindedir. D\u00fc\u015f\u00fck g\u00f6lge toleranslar\u0131 tipik olarak kapal\u0131 bir orman g\u00f6lgesinin alt\u0131nda b\u00fcy\u00fcmeyi engeller. Bir\u00e7ok t\u00fcr \u00e7ok kurakl\u0131\u011fa toleransl\u0131d\u0131r.<br \/><br \/><\/p><p><i>Pinus<\/i>\u00a0bir\u00e7ok alanda orman\u0131n hakim t\u00fcr\u00fcd\u00fcr. Baz\u0131 t\u00fcrlerin bir \u201c\u00e7im a\u015famas\u0131\u201d vard\u0131r, yani, gen\u00e7 fidenin g\u00f6vdesi ilk birka\u00e7 y\u0131l boyunca \u00e7ok az uzar (bu arada b\u00fcy\u00fck bir kaz\u0131kk\u00f6k geli\u015ftirir) ve \u00e7ok say\u0131da uzun, kavisli yaprak ta\u015f\u0131r, bitki daha sonra bir demet \u00e7imene benzer. Di\u011fer t\u00fcrlerin uzun s\u00fcre kal\u0131c\u0131 olan ve kapal\u0131 kalan, yaln\u0131zca orman yang\u0131n\u0131 ile \u0131s\u0131t\u0131ld\u0131\u011f\u0131nda a\u00e7\u0131lan kozalaklar\u0131 vard\u0131r (bu t\u00fcr kozalaklar serotin\u00f6z olarak adland\u0131r\u0131l\u0131r); Ate\u015f s\u00f6nd\u00fckten hemen sonra tohumlar serbest b\u0131rak\u0131l\u0131r.<br \/><br \/><\/p>\t\t\t\t\t\t\t\t<\/div>\n\t\t\t\t\t<\/div>\n\t\t<\/div>\n\t\t\t\t\t<\/div>\n\t\t<\/section>\n\t\t\t\t<section class=\"elementor-section elementor-top-section elementor-element elementor-element-d247c35 elementor-section-boxed elementor-section-height-default elementor-section-height-default\" data-id=\"d247c35\" data-element_type=\"section\" data-e-type=\"section\">\n\t\t\t\t\t\t<div class=\"elementor-container elementor-column-gap-default\">\n\t\t\t\t\t<div class=\"elementor-column elementor-col-100 elementor-top-column elementor-element elementor-element-570d6e6\" data-id=\"570d6e6\" data-element_type=\"column\" data-e-type=\"column\">\n\t\t\t<div class=\"elementor-widget-wrap elementor-element-populated\">\n\t\t\t\t\t\t<div class=\"elementor-element elementor-element-2abc05c elementor-widget elementor-widget-sawmall_call_to_action_v2\" data-id=\"2abc05c\" data-element_type=\"widget\" data-e-type=\"widget\" data-widget_type=\"sawmall_call_to_action_v2.default\">\n\t\t\t\t<div class=\"elementor-widget-container\">\n\t\t\t\t\t\t\t\r\n        <!-- Call To Action Two Section -->\r\n        <section class=\"call-to-action-section-two\" style=\"background-image:url(https:\/\/www.moonstarahsap.com\/wp-content\/uploads\/2020\/12\/9-1.jpg)\">\r\n            <div class=\"auto-container\">\r\n                <div class=\"row clearfix\">\r\n                    \r\n                    <!-- Title Column -->\r\n                    <div class=\"title-column col-lg-7 col-md-12 col-sm-12\">\r\n                        <div class=\"inner-column\">\r\n                            <h3>Daha fazla \u00fcr\u00fcn i\u00e7in bizimle ileti\u015fime ge\u00e7in<\/h3>\r\n                        <\/div>\r\n                    <\/div>\r\n                                        <!-- Button Column -->\r\n                    <div class=\"btn-column col-lg-5 col-md-12 col-sm-12\">\r\n                        <div class=\"inner-column\">\r\n                            <a href=\"https:\/\/www.moonstarahsap.com\/index.php\/contact-us\" class=\"theme-btn btn-style-four\"><span class=\"txt\">Bize Ula\u015f\u0131n<\/span><\/a>\r\n                        <\/div>\r\n                    <\/div>\r\n                                    <\/div>\r\n            <\/div>\r\n        <\/section>\r\n        <!-- End Call To Action Two Section -->\r\n        \r\n        \t\t\t\t<\/div>\n\t\t\t\t<\/div>\n\t\t\t\t\t<\/div>\n\t\t<\/div>\n\t\t\t\t\t<\/div>\n\t\t<\/section>\n\t\t\t\t<\/div>\n\t\t","protected":false},"excerpt":{"rendered":"<p>Kereste Teknik \u00d6zellikleri A\u011fa&ccedil; T&uuml;rleri: \u00c7am &#8211; Ladin Yap\u0131\u015ft\u0131rma Kalitesi: DIN EN 204 Standard\u0131na uygun D3-D4 normunda &Ouml;l&ccedil;&uuml;ler (mm) KALINLIK : 38-40-45-50 mm GEN\u0130\u015eL\u0130K : 90-100-110120-130-140-150 mm UZUNLUK : 2000-3000-4000-5000-6000 mm Nem \u0130&ccedil;eri\u011fi : %10 &plusmn; 2 Paketleme: Tekli Olarak paketlenmi\u015ftir. Z\u0131mpara Kalitesi: 120 kum SINIFI: AA, AB, BB, BC,CC, Rustic &nbsp; Ba\u015fta kuzey, \u0131l\u0131man [&hellip;]<\/p>\n","protected":false},"author":1,"featured_media":0,"parent":1354,"menu_order":0,"comment_status":"closed","ping_status":"closed","template":"","meta":{"ngg_post_thumbnail":0,"footnotes":""},"class_list":["post-1609","page","type-page","status-publish","hentry"],"_links":{"self":[{"href":"https:\/\/www.moonstarahsap.com\/index.php\/wp-json\/wp\/v2\/pages\/1609","targetHints":{"allow":["GET"]}}],"collection":[{"href":"https:\/\/www.moonstarahsap.com\/index.php\/wp-json\/wp\/v2\/pages"}],"about":[{"href":"https:\/\/www.moonstarahsap.com\/index.php\/wp-json\/wp\/v2\/types\/page"}],"author":[{"embeddable":true,"href":"https:\/\/www.moonstarahsap.com\/index.php\/wp-json\/wp\/v2\/users\/1"}],"replies":[{"embeddable":true,"href":"https:\/\/www.moonstarahsap.com\/index.php\/wp-json\/wp\/v2\/comments?post=1609"}],"version-history":[{"count":17,"href":"https:\/\/www.moonstarahsap.com\/index.php\/wp-json\/wp\/v2\/pages\/1609\/revisions"}],"predecessor-version":[{"id":1689,"href":"https:\/\/www.moonstarahsap.com\/index.php\/wp-json\/wp\/v2\/pages\/1609\/revisions\/1689"}],"up":[{"embeddable":true,"href":"https:\/\/www.moonstarahsap.com\/index.php\/wp-json\/wp\/v2\/pages\/1354"}],"wp:attachment":[{"href":"https:\/\/www.moonstarahsap.com\/index.php\/wp-json\/wp\/v2\/media?parent=1609"}],"curies":[{"name":"wp","href":"https:\/\/api.w.org\/{rel}","templated":true}]}}