{"id":1578,"date":"2022-12-21T01:53:34","date_gmt":"2022-12-20T22:53:34","guid":{"rendered":"https:\/\/www.moonstarahsap.com\/?page_id=1578"},"modified":"2023-01-11T18:31:13","modified_gmt":"2023-01-11T15:31:13","slug":"fingerjointekli","status":"publish","type":"page","link":"https:\/\/www.moonstarahsap.com\/index.php\/kapi-sereni\/fingerjointekli","title":{"rendered":"Fingerjoint(Ekli)"},"content":{"rendered":"\t\t<div data-elementor-type=\"wp-page\" data-elementor-id=\"1578\" class=\"elementor elementor-1578\">\n\t\t\t\t\t\t<section class=\"elementor-section elementor-top-section elementor-element elementor-element-ef0f497 elementor-section-boxed elementor-section-height-default elementor-section-height-default\" data-id=\"ef0f497\" data-element_type=\"section\" data-e-type=\"section\">\n\t\t\t\t\t\t<div class=\"elementor-container elementor-column-gap-default\">\n\t\t\t\t\t<div class=\"elementor-column elementor-col-100 elementor-top-column elementor-element elementor-element-3f9e114\" data-id=\"3f9e114\" data-element_type=\"column\" data-e-type=\"column\">\n\t\t\t<div class=\"elementor-widget-wrap\">\n\t\t\t\t\t\t\t<\/div>\n\t\t<\/div>\n\t\t\t\t\t<\/div>\n\t\t<\/section>\n\t\t\t\t<section class=\"elementor-section elementor-top-section elementor-element elementor-element-1a036c9 elementor-section-full_width elementor-section-height-default elementor-section-height-default\" data-id=\"1a036c9\" data-element_type=\"section\" data-e-type=\"section\">\n\t\t\t\t\t\t<div class=\"elementor-container elementor-column-gap-default\">\n\t\t\t\t\t<div class=\"elementor-column elementor-col-100 elementor-top-column elementor-element elementor-element-c95a737\" data-id=\"c95a737\" data-element_type=\"column\" data-e-type=\"column\">\n\t\t\t<div class=\"elementor-widget-wrap elementor-element-populated\">\n\t\t\t\t\t\t<div class=\"elementor-element elementor-element-59cd77e elementor-widget elementor-widget-sawmall_why_choose_us\" data-id=\"59cd77e\" data-element_type=\"widget\" data-e-type=\"widget\" data-widget_type=\"sawmall_why_choose_us.default\">\n\t\t\t\t<div class=\"elementor-widget-container\">\n\t\t\t\t\t\t\t\r\n        <!-- Fluid Section Two -->\r\n        <section class=\"fluid-section-two\">\r\n            <div class=\"outer-container clearfix\">\r\n                                <!--Image Column-->\r\n                <div class=\"image-column\" style=\"background-image:url(https:\/\/www.moonstarahsap.com\/wp-content\/uploads\/2023\/01\/Fingerjoint.jpg)\">\r\n                    <figure class=\"image-box\"><img decoding=\"async\" src=\"https:\/\/www.moonstarahsap.com\/wp-content\/uploads\/2023\/01\/Fingerjoint.jpg\" alt=\"Awesome Image\"><\/figure>\r\n                <\/div>\r\n                                <!--Content Column-->\r\n                <div class=\"content-column\">\r\n                    <div class=\"inner-column\">\r\n                                                <!-- Sec Title -->\r\n                        <div class=\"sec-title\">\r\n                            <h2>Fingerjoint(Ekli) \u00d6zellikleri<\/h2>\r\n                            <div class=\"separate\"><\/div>\r\n                        <\/div>\r\n                                                <div class=\"text\"><p><strong>A\u011fa&ccedil; T&uuml;rleri:<\/strong> \u00c7am - Ladin<br \/>\n<strong>Yap\u0131\u015ft\u0131rma Kalitesi: <\/strong>DIN EN 204 Standard\u0131na uygun D3-D4 normunda<br \/>\n<strong>&Ouml;l&ccedil;&uuml;ler <\/strong>(mm)<br \/>\n<strong>KALINLIK :<\/strong> 18,25,28,30,40,45 mm<br \/>\n<strong>GEN\u0130\u015eL\u0130K : <\/strong>670,1220 mm<br \/>\n<strong>UZUNLUK : <\/strong>3500 - 5000 mm<br \/>\n<strong>Nem \u0130&ccedil;eri\u011fi: <\/strong>%10 &plusmn; 2<br \/>\n<strong>Paketleme: <\/strong>Tekli Olarak paketlenmi\u015ftir.<br \/>\n<strong>Z\u0131mpara Kalitesi: <\/strong>120 kum<br \/>\n<strong>SINIFI:<\/strong> 1-3<br \/>\n&nbsp;<\/p>\n<\/div>\r\n                        <div class=\"row clearfix\">\r\n                            <div class=\"column col-md-6 col-sm-6 col-xs-12\">\r\n                                <ul class=\"list-style-one\">\r\n                                                                                                          <li><span class=\"\"><\/span> <\/li>\r\n                                                                    <\/ul>\r\n                            <\/div>\r\n                        <\/div>\r\n                    <\/div>\r\n                <\/div>\r\n                \r\n            <\/div>\r\n        <\/section>\r\n        \r\n        \t\t\t\t<\/div>\n\t\t\t\t<\/div>\n\t\t\t\t\t<\/div>\n\t\t<\/div>\n\t\t\t\t\t<\/div>\n\t\t<\/section>\n\t\t\t\t<section class=\"elementor-section elementor-top-section elementor-element elementor-element-2da9cbf elementor-section-boxed elementor-section-height-default elementor-section-height-default\" data-id=\"2da9cbf\" data-element_type=\"section\" data-e-type=\"section\">\n\t\t\t\t\t\t<div class=\"elementor-container elementor-column-gap-default\">\n\t\t\t\t\t<div class=\"elementor-column elementor-col-100 elementor-top-column elementor-element elementor-element-4e2586e\" data-id=\"4e2586e\" data-element_type=\"column\" data-e-type=\"column\">\n\t\t\t<div class=\"elementor-widget-wrap elementor-element-populated\">\n\t\t\t\t\t\t<div class=\"elementor-element elementor-element-e99bff2 elementor-widget elementor-widget-text-editor\" data-id=\"e99bff2\" data-element_type=\"widget\" data-e-type=\"widget\" data-widget_type=\"text-editor.default\">\n\t\t\t\t\t\t\t\t\t<p>\u00a0<\/p><p>Tarak eklemi olarak da bilinen bir parmak eklemi, daha sonra yap\u0131\u015ft\u0131r\u0131lan iki ah\u015fap par\u00e7as\u0131ndaki bir dizi tamamlay\u0131c\u0131, birbirine kenetlenen profilin kesilmesiyle yap\u0131lan bir ah\u015fap i\u015fleme eklemidir. Eklemin enine kesiti, iki el aras\u0131ndaki parmaklar\u0131n birbirine kenetlenmesine benzer, dolay\u0131s\u0131yla &#8220;parmak eklemi&#8221; ad\u0131 verilir. Her bir profilin kenarlar\u0131, yap\u0131\u015ft\u0131rma i\u00e7in y\u00fczey alan\u0131n\u0131 artt\u0131r\u0131r, bu da g\u00fc\u00e7l\u00fc bir ba\u011f ile sonu\u00e7lan\u0131r, bir al\u0131n birle\u015ftirmesinden daha g\u00fc\u00e7l\u00fcd\u00fcr ancak g\u00f6rsel olarak pek \u00e7ekici de\u011fildir. Parmak eklemler, kutular\u0131n k\u00f6\u015feleri veya kutu benzeri yap\u0131lar i\u00e7in kullan\u0131lan kutu eklemleriyle s\u0131kl\u0131kla kar\u0131\u015ft\u0131r\u0131l\u0131r.<\/p><p>\u00a0<\/p><p>\u00a0<\/p>\t\t\t\t\t\t\t\t<\/div>\n\t\t\t\t\t<\/div>\n\t\t<\/div>\n\t\t\t\t\t<\/div>\n\t\t<\/section>\n\t\t\t\t<section class=\"elementor-section elementor-top-section elementor-element elementor-element-aa5ff8e elementor-section-full_width elementor-section-height-default elementor-section-height-default\" data-id=\"aa5ff8e\" data-element_type=\"section\" data-e-type=\"section\">\n\t\t\t\t\t\t<div class=\"elementor-container elementor-column-gap-default\">\n\t\t\t\t\t<div class=\"elementor-column elementor-col-100 elementor-top-column elementor-element elementor-element-8955be3\" data-id=\"8955be3\" data-element_type=\"column\" data-e-type=\"column\">\n\t\t\t<div class=\"elementor-widget-wrap elementor-element-populated\">\n\t\t\t\t\t\t<div class=\"elementor-element elementor-element-584628c elementor-widget elementor-widget-sawmall_call_to_action_v2\" data-id=\"584628c\" data-element_type=\"widget\" data-e-type=\"widget\" data-widget_type=\"sawmall_call_to_action_v2.default\">\n\t\t\t\t<div class=\"elementor-widget-container\">\n\t\t\t\t\t\t\t\r\n        <!-- Call To Action Two Section -->\r\n        <section class=\"call-to-action-section-two\" style=\"background-image:url(https:\/\/www.moonstarahsap.com\/wp-content\/uploads\/2020\/12\/9-1.jpg)\">\r\n            <div class=\"auto-container\">\r\n                <div class=\"row clearfix\">\r\n                    \r\n                    <!-- Title Column -->\r\n                    <div class=\"title-column col-lg-7 col-md-12 col-sm-12\">\r\n                        <div class=\"inner-column\">\r\n                            <h3>Daha fazla \u00fcr\u00fcn i\u00e7in bizimle ileti\u015fime ge\u00e7in<\/h3>\r\n                        <\/div>\r\n                    <\/div>\r\n                                        <!-- Button Column -->\r\n                    <div class=\"btn-column col-lg-5 col-md-12 col-sm-12\">\r\n                        <div class=\"inner-column\">\r\n                            <a href=\"https:\/\/www.moonstarahsap.com\/index.php\/contact-us\" class=\"theme-btn btn-style-four\"><span class=\"txt\">Bize Ula\u015f\u0131n<\/span><\/a>\r\n                        <\/div>\r\n                    <\/div>\r\n                                    <\/div>\r\n            <\/div>\r\n        <\/section>\r\n        <!-- End Call To Action Two Section -->\r\n        \r\n        \t\t\t\t<\/div>\n\t\t\t\t<\/div>\n\t\t\t\t\t<\/div>\n\t\t<\/div>\n\t\t\t\t\t<\/div>\n\t\t<\/section>\n\t\t\t\t<\/div>\n\t\t","protected":false},"excerpt":{"rendered":"<p>Fingerjoint(Ekli) \u00d6zellikleri A\u011fa&ccedil; T&uuml;rleri: \u00c7am &#8211; Ladin Yap\u0131\u015ft\u0131rma Kalitesi: DIN EN 204 Standard\u0131na uygun D3-D4 normunda &Ouml;l&ccedil;&uuml;ler (mm) KALINLIK : 18,25,28,30,40,45 mm GEN\u0130\u015eL\u0130K : 670,1220 mm UZUNLUK : 3500 &#8211; 5000 mm Nem \u0130&ccedil;eri\u011fi: %10 &plusmn; 2 Paketleme: Tekli Olarak paketlenmi\u015ftir. Z\u0131mpara Kalitesi: 120 kum SINIFI: 1-3 &nbsp; \u00a0 Tarak eklemi olarak da bilinen bir [&hellip;]<\/p>\n","protected":false},"author":1,"featured_media":0,"parent":1352,"menu_order":0,"comment_status":"closed","ping_status":"closed","template":"tpl-default-elementor.php","meta":{"ngg_post_thumbnail":0,"footnotes":""},"class_list":["post-1578","page","type-page","status-publish","hentry"],"_links":{"self":[{"href":"https:\/\/www.moonstarahsap.com\/index.php\/wp-json\/wp\/v2\/pages\/1578","targetHints":{"allow":["GET"]}}],"collection":[{"href":"https:\/\/www.moonstarahsap.com\/index.php\/wp-json\/wp\/v2\/pages"}],"about":[{"href":"https:\/\/www.moonstarahsap.com\/index.php\/wp-json\/wp\/v2\/types\/page"}],"author":[{"embeddable":true,"href":"https:\/\/www.moonstarahsap.com\/index.php\/wp-json\/wp\/v2\/users\/1"}],"replies":[{"embeddable":true,"href":"https:\/\/www.moonstarahsap.com\/index.php\/wp-json\/wp\/v2\/comments?post=1578"}],"version-history":[{"count":16,"href":"https:\/\/www.moonstarahsap.com\/index.php\/wp-json\/wp\/v2\/pages\/1578\/revisions"}],"predecessor-version":[{"id":1776,"href":"https:\/\/www.moonstarahsap.com\/index.php\/wp-json\/wp\/v2\/pages\/1578\/revisions\/1776"}],"up":[{"embeddable":true,"href":"https:\/\/www.moonstarahsap.com\/index.php\/wp-json\/wp\/v2\/pages\/1352"}],"wp:attachment":[{"href":"https:\/\/www.moonstarahsap.com\/index.php\/wp-json\/wp\/v2\/media?parent=1578"}],"curies":[{"name":"wp","href":"https:\/\/api.w.org\/{rel}","templated":true}]}}