{"id":1534,"date":"2022-12-19T00:18:46","date_gmt":"2022-12-18T21:18:46","guid":{"rendered":"https:\/\/www.moonstarahsap.com\/?page_id=1534"},"modified":"2023-01-11T16:52:59","modified_gmt":"2023-01-11T13:52:59","slug":"ladin","status":"publish","type":"page","link":"https:\/\/www.moonstarahsap.com\/index.php\/panel\/ladin","title":{"rendered":"Ladin"},"content":{"rendered":"\t\t<div data-elementor-type=\"wp-page\" data-elementor-id=\"1534\" class=\"elementor elementor-1534\">\n\t\t\t\t\t\t<section class=\"elementor-section elementor-top-section elementor-element elementor-element-7f28b64 elementor-section-boxed elementor-section-height-default elementor-section-height-default\" data-id=\"7f28b64\" data-element_type=\"section\" data-e-type=\"section\">\n\t\t\t\t\t\t<div class=\"elementor-container elementor-column-gap-default\">\n\t\t\t\t\t<div class=\"elementor-column elementor-col-100 elementor-top-column elementor-element elementor-element-8d2a8f9\" data-id=\"8d2a8f9\" data-element_type=\"column\" data-e-type=\"column\">\n\t\t\t<div class=\"elementor-widget-wrap\">\n\t\t\t\t\t\t\t<\/div>\n\t\t<\/div>\n\t\t\t\t\t<\/div>\n\t\t<\/section>\n\t\t\t\t<section class=\"elementor-section elementor-top-section elementor-element elementor-element-71c3ce0 elementor-section-full_width elementor-section-height-default elementor-section-height-default\" data-id=\"71c3ce0\" data-element_type=\"section\" data-e-type=\"section\">\n\t\t\t\t\t\t<div class=\"elementor-container elementor-column-gap-default\">\n\t\t\t\t\t<div class=\"elementor-column elementor-col-100 elementor-top-column elementor-element elementor-element-5e4c780\" data-id=\"5e4c780\" data-element_type=\"column\" data-e-type=\"column\">\n\t\t\t<div class=\"elementor-widget-wrap elementor-element-populated\">\n\t\t\t\t\t\t<div class=\"elementor-element elementor-element-457d0d9 elementor-widget elementor-widget-sawmall_why_choose_us\" data-id=\"457d0d9\" data-element_type=\"widget\" data-e-type=\"widget\" data-widget_type=\"sawmall_why_choose_us.default\">\n\t\t\t\t<div class=\"elementor-widget-container\">\n\t\t\t\t\t\t\t\r\n        <!-- Fluid Section Two -->\r\n        <section class=\"fluid-section-two\">\r\n            <div class=\"outer-container clearfix\">\r\n                                <!--Image Column-->\r\n                <div class=\"image-column\" style=\"background-image:url(https:\/\/www.moonstarahsap.com\/wp-content\/uploads\/2023\/01\/panel-masif.jpg)\">\r\n                    <figure class=\"image-box\"><img decoding=\"async\" src=\"https:\/\/www.moonstarahsap.com\/wp-content\/uploads\/2023\/01\/panel-masif.jpg\" alt=\"Awesome Image\"><\/figure>\r\n                <\/div>\r\n                                <!--Content Column-->\r\n                <div class=\"content-column\">\r\n                    <div class=\"inner-column\">\r\n                                                <!-- Sec Title -->\r\n                        <div class=\"sec-title\">\r\n                            <h2>Ladin Teknik \u00d6zellikleri<\/h2>\r\n                            <div class=\"separate\"><\/div>\r\n                        <\/div>\r\n                                                <div class=\"text\"><p><strong>A\u011fa&ccedil; T&uuml;rleri: <\/strong>Ladin<br \/>\n<strong>Yap\u0131\u015ft\u0131rma Kalitesi: <\/strong>DIN EN 204 Standard\u0131na uygun D3-D4 normunda<br \/>\n<strong>&Ouml;l&ccedil;&uuml;ler <\/strong>(mm)<br \/>\n<strong>KALINLIK : <\/strong>18,25,28,30,40,45 mm<br \/>\n<strong>GEN\u0130\u015eL\u0130K : <\/strong>670 - 1220 mm<br \/>\n<strong>UZUNLUK : <\/strong>3000 mm<br \/>\n<strong>Nem \u0130&ccedil;eri\u011fi : <\/strong>%10 &plusmn; 2<br \/>\n<strong>Paketleme: <\/strong>Tekli Olarak paketlenmi\u015ftir.<br \/>\n<strong>Z\u0131mpara Kalitesi:<\/strong> 120 kum<br \/>\n<strong>SINIFI: <\/strong>AA, AB, BB, BC,CC, Rustic<br \/>\n&nbsp;<\/p>\n<\/div>\r\n                        <div class=\"row clearfix\">\r\n                            <div class=\"column col-md-6 col-sm-6 col-xs-12\">\r\n                                <ul class=\"list-style-one\">\r\n                                                                                                          <li><span class=\"\"><\/span> <\/li>\r\n                                                                    <\/ul>\r\n                            <\/div>\r\n                        <\/div>\r\n                    <\/div>\r\n                <\/div>\r\n                \r\n            <\/div>\r\n        <\/section>\r\n        \r\n        \t\t\t\t<\/div>\n\t\t\t\t<\/div>\n\t\t\t\t\t<\/div>\n\t\t<\/div>\n\t\t\t\t\t<\/div>\n\t\t<\/section>\n\t\t\t\t<section class=\"elementor-section elementor-top-section elementor-element elementor-element-e71a579 elementor-section-boxed elementor-section-height-default elementor-section-height-default\" data-id=\"e71a579\" data-element_type=\"section\" data-e-type=\"section\">\n\t\t\t\t\t\t<div class=\"elementor-container elementor-column-gap-default\">\n\t\t\t\t\t<div class=\"elementor-column elementor-col-100 elementor-top-column elementor-element elementor-element-ff99ebb\" data-id=\"ff99ebb\" data-element_type=\"column\" data-e-type=\"column\">\n\t\t\t<div class=\"elementor-widget-wrap elementor-element-populated\">\n\t\t\t\t\t\t<div class=\"elementor-element elementor-element-ebcb57b elementor-widget elementor-widget-text-editor\" data-id=\"ebcb57b\" data-element_type=\"widget\" data-e-type=\"widget\" data-widget_type=\"text-editor.default\">\n\t\t\t\t\t\t\t\t\t<p><strong>YET\u0130\u015eT\u0130\u011e\u0130 YERLER:<\/strong><\/p><p>Do\u011fu Karadeniz.<\/p><p><img fetchpriority=\"high\" decoding=\"async\" class=\"size-medium wp-image-1563 alignright\" src=\"https:\/\/www.moonstarahsap.com\/wp-content\/uploads\/2022\/12\/kereste-3-300x200.jpg\" alt=\"\" width=\"300\" height=\"200\" srcset=\"https:\/\/www.moonstarahsap.com\/wp-content\/uploads\/2022\/12\/kereste-3-300x200.jpg 300w, https:\/\/www.moonstarahsap.com\/wp-content\/uploads\/2022\/12\/kereste-3.jpg 540w\" sizes=\"(max-width: 300px) 100vw, 300px\" \/>K\u0131\u015f\u0131n i\u011fne yapraklar\u0131n\u0131 d\u00f6kmeyen, daimi ye\u015fil s\u00fcrg\u00fcnleri bulunan a\u011fa\u00e7lar. Yaln\u0131z, uzun i\u011fne yapraklar\u0131, dallar \u00fczerinde teker teker bulunur. Yapraklar k\u0131sa, d\u00f6rt k\u00f6\u015feli ve her bir y\u00fczeyinde beyaz\u0131ms\u0131 bir mum \u00e7izgisi olup, yaprak u\u00e7lar\u0131 bat\u0131c\u0131d\u0131r. Kozalaklar\u0131 dallarda sark\u0131k durumda bulunup, olgunla\u015fan kozalaklar b\u00fct\u00fcn olarak d\u00fc\u015fer ve esmerrenktedir.<\/p><p>\u00a0<\/p><p>Ladin, serin ve rutubetli sahalarda ve rutubetli topraklarda yeti\u015fir. K\u00f6knar ve di\u011fer a\u011fa\u00e7t\u00fcrleri ile ormanlar meydana getirirler. Ladinin k\u00f6kleri yayvand\u0131r ve derine gitmez. Bu sebepten r\u00fczgardan devrilebilirler. Azami 400 sene ya\u015fayabilirler.<\/p><p>\u00a0<\/p><p>Ladin a\u011fac\u0131n\u0131n g\u00f6vdesi d\u00fczg\u00fcn olup, k\u0131r\u00e7\u0131l renktedir. Kerestesi yumu\u015fak, hafif, re\u00e7ineli ve k\u00f6knar\u0131nkinden daha makbuld\u00fcr. Dayan\u0131kl\u0131 de\u011fildir. Memleketimizde bulunan Do\u011fu ladini (P.orientalis), Do\u011fu Karadeniz b\u00f6lgesinde, da\u011flar\u0131n denize bakan yama\u00e7lar\u0131nda, 1200-2000 metrelerde yay\u0131l\u0131\u015f g\u00f6sterirler.<\/p><p>\u00a0<\/p><p><strong>KULLANILDI\u011eI YERLER:<\/strong><\/p><p><br \/>\u0130n\u015faat kerestesi ve mobilyac\u0131l\u0131kta kullan\u0131l\u0131r. Odunundan ka\u011f\u0131t fabrikalar\u0131nda sel\u00fcloz elde edilir.<br \/>Brewer ladin (picea breweriana ) K\u0131rm\u0131z\u0131 ladin (Picea rubens)<\/p>\t\t\t\t\t\t\t\t<\/div>\n\t\t\t\t\t<\/div>\n\t\t<\/div>\n\t\t\t\t\t<\/div>\n\t\t<\/section>\n\t\t\t\t<section class=\"elementor-section elementor-top-section elementor-element elementor-element-0d5c918 elementor-section-boxed elementor-section-height-default elementor-section-height-default\" data-id=\"0d5c918\" data-element_type=\"section\" data-e-type=\"section\">\n\t\t\t\t\t\t<div class=\"elementor-container elementor-column-gap-default\">\n\t\t\t\t\t<div class=\"elementor-column elementor-col-100 elementor-top-column elementor-element elementor-element-01f57cd\" data-id=\"01f57cd\" data-element_type=\"column\" data-e-type=\"column\">\n\t\t\t<div class=\"elementor-widget-wrap elementor-element-populated\">\n\t\t\t\t\t\t<div class=\"elementor-element elementor-element-bb93816 elementor-widget__width-inherit elementor-widget elementor-widget-sawmall_call_to_action_v2\" data-id=\"bb93816\" data-element_type=\"widget\" data-e-type=\"widget\" data-widget_type=\"sawmall_call_to_action_v2.default\">\n\t\t\t\t<div class=\"elementor-widget-container\">\n\t\t\t\t\t\t\t\r\n        <!-- Call To Action Two Section -->\r\n        <section class=\"call-to-action-section-two\" style=\"background-image:url(https:\/\/www.moonstarahsap.com\/wp-content\/uploads\/2020\/12\/9-1.jpg)\">\r\n            <div class=\"auto-container\">\r\n                <div class=\"row clearfix\">\r\n                    \r\n                    <!-- Title Column -->\r\n                    <div class=\"title-column col-lg-7 col-md-12 col-sm-12\">\r\n                        <div class=\"inner-column\">\r\n                            <h3>Daha fazla \u00fcr\u00fcn i\u00e7in bizimle ileti\u015fime ge\u00e7in<\/h3>\r\n                        <\/div>\r\n                    <\/div>\r\n                                        <!-- Button Column -->\r\n                    <div class=\"btn-column col-lg-5 col-md-12 col-sm-12\">\r\n                        <div class=\"inner-column\">\r\n                            <a href=\"https:\/\/www.moonstarahsap.com\/index.php\/contact-us\" class=\"theme-btn btn-style-four\"><span class=\"txt\">Bize Ula\u015f\u0131n<\/span><\/a>\r\n                        <\/div>\r\n                    <\/div>\r\n                                    <\/div>\r\n            <\/div>\r\n        <\/section>\r\n        <!-- End Call To Action Two Section -->\r\n        \r\n        \t\t\t\t<\/div>\n\t\t\t\t<\/div>\n\t\t\t\t\t<\/div>\n\t\t<\/div>\n\t\t\t\t\t<\/div>\n\t\t<\/section>\n\t\t\t\t<\/div>\n\t\t","protected":false},"excerpt":{"rendered":"<p>Ladin Teknik \u00d6zellikleri A\u011fa&ccedil; T&uuml;rleri: Ladin Yap\u0131\u015ft\u0131rma Kalitesi: DIN EN 204 Standard\u0131na uygun D3-D4 normunda &Ouml;l&ccedil;&uuml;ler (mm) KALINLIK : 18,25,28,30,40,45 mm GEN\u0130\u015eL\u0130K : 670 &#8211; 1220 mm UZUNLUK : 3000 mm Nem \u0130&ccedil;eri\u011fi : %10 &plusmn; 2 Paketleme: Tekli Olarak paketlenmi\u015ftir. Z\u0131mpara Kalitesi: 120 kum SINIFI: AA, AB, BB, BC,CC, Rustic &nbsp; YET\u0130\u015eT\u0130\u011e\u0130 YERLER: Do\u011fu [&hellip;]<\/p>\n","protected":false},"author":1,"featured_media":0,"parent":1502,"menu_order":0,"comment_status":"closed","ping_status":"closed","template":"tpl-default-elementor.php","meta":{"ngg_post_thumbnail":0,"footnotes":""},"class_list":["post-1534","page","type-page","status-publish","hentry"],"_links":{"self":[{"href":"https:\/\/www.moonstarahsap.com\/index.php\/wp-json\/wp\/v2\/pages\/1534","targetHints":{"allow":["GET"]}}],"collection":[{"href":"https:\/\/www.moonstarahsap.com\/index.php\/wp-json\/wp\/v2\/pages"}],"about":[{"href":"https:\/\/www.moonstarahsap.com\/index.php\/wp-json\/wp\/v2\/types\/page"}],"author":[{"embeddable":true,"href":"https:\/\/www.moonstarahsap.com\/index.php\/wp-json\/wp\/v2\/users\/1"}],"replies":[{"embeddable":true,"href":"https:\/\/www.moonstarahsap.com\/index.php\/wp-json\/wp\/v2\/comments?post=1534"}],"version-history":[{"count":16,"href":"https:\/\/www.moonstarahsap.com\/index.php\/wp-json\/wp\/v2\/pages\/1534\/revisions"}],"predecessor-version":[{"id":1656,"href":"https:\/\/www.moonstarahsap.com\/index.php\/wp-json\/wp\/v2\/pages\/1534\/revisions\/1656"}],"up":[{"embeddable":true,"href":"https:\/\/www.moonstarahsap.com\/index.php\/wp-json\/wp\/v2\/pages\/1502"}],"wp:attachment":[{"href":"https:\/\/www.moonstarahsap.com\/index.php\/wp-json\/wp\/v2\/media?parent=1534"}],"curies":[{"name":"wp","href":"https:\/\/api.w.org\/{rel}","templated":true}]}}