{"id":1525,"date":"2022-12-19T00:08:43","date_gmt":"2022-12-18T21:08:43","guid":{"rendered":"https:\/\/www.moonstarahsap.com\/?page_id=1525"},"modified":"2023-01-11T16:42:20","modified_gmt":"2023-01-11T13:42:20","slug":"hus","status":"publish","type":"page","link":"https:\/\/www.moonstarahsap.com\/index.php\/panel\/hus","title":{"rendered":"Hu\u015f"},"content":{"rendered":"\t\t<div data-elementor-type=\"wp-page\" data-elementor-id=\"1525\" class=\"elementor elementor-1525\">\n\t\t\t\t\t\t<section class=\"elementor-section elementor-top-section elementor-element elementor-element-e9d6cab elementor-section-full_width elementor-section-height-default elementor-section-height-default\" data-id=\"e9d6cab\" data-element_type=\"section\" data-e-type=\"section\">\n\t\t\t\t\t\t<div class=\"elementor-container elementor-column-gap-default\">\n\t\t\t\t\t<div class=\"elementor-column elementor-col-100 elementor-top-column elementor-element elementor-element-0f85ad7\" data-id=\"0f85ad7\" data-element_type=\"column\" data-e-type=\"column\">\n\t\t\t<div class=\"elementor-widget-wrap elementor-element-populated\">\n\t\t\t\t\t\t<div class=\"elementor-element elementor-element-c436144 elementor-widget elementor-widget-sawmall_why_choose_us\" data-id=\"c436144\" data-element_type=\"widget\" data-e-type=\"widget\" data-widget_type=\"sawmall_why_choose_us.default\">\n\t\t\t\t<div class=\"elementor-widget-container\">\n\t\t\t\t\t\t\t\r\n        <!-- Fluid Section Two -->\r\n        <section class=\"fluid-section-two\">\r\n            <div class=\"outer-container clearfix\">\r\n                                <!--Image Column-->\r\n                <div class=\"image-column\" style=\"background-image:url(https:\/\/www.moonstarahsap.com\/wp-content\/uploads\/2022\/12\/hus-web-1.jpg)\">\r\n                    <figure class=\"image-box\"><img decoding=\"async\" src=\"https:\/\/www.moonstarahsap.com\/wp-content\/uploads\/2022\/12\/hus-web-1.jpg\" alt=\"Awesome Image\"><\/figure>\r\n                <\/div>\r\n                                <!--Content Column-->\r\n                <div class=\"content-column\">\r\n                    <div class=\"inner-column\">\r\n                                                <!-- Sec Title -->\r\n                        <div class=\"sec-title\">\r\n                            <h2>Hu\u015f Teknik \u00d6zellikleri<\/h2>\r\n                            <div class=\"separate\"><\/div>\r\n                        <\/div>\r\n                                                <div class=\"text\"><p><strong>A\u011fa&ccedil; T&uuml;rleri: <\/strong>Hu\u015f<br \/>\n<strong>Yap\u0131\u015ft\u0131rma Kalitesi: <\/strong>DIN EN 204 Standard\u0131na uygun D3-D4 normunda<br \/>\n&Ouml;l&ccedil;&uuml;ler (mm)<br \/>\n<strong>Kalinlik :<\/strong> 18,25,28,30,40,45 mm<br \/>\n<strong>Geni\u015flik : <\/strong>670 - 1220 mm<br \/>\n<strong>Uzunluk :<\/strong> 3000 mm<br \/>\n<strong>Nem \u0130&ccedil;eri\u011fi : <\/strong>%10 &plusmn; 2<br \/>\n<strong>Paketleme: <\/strong>Tekli Olarak paketlenmi\u015ftir.<br \/>\n<strong>Z\u0131mpara Kalitesi: <\/strong>120 kum<br \/>\n<strong>Sinifi: <\/strong>AA, AB, BB, BC,CC, Rustic<br \/>\n&nbsp;<\/p>\n<\/div>\r\n                        <div class=\"row clearfix\">\r\n                            <div class=\"column col-md-6 col-sm-6 col-xs-12\">\r\n                                <ul class=\"list-style-one\">\r\n                                                                                                          <li><span class=\"\"><\/span> <\/li>\r\n                                                                    <\/ul>\r\n                            <\/div>\r\n                        <\/div>\r\n                    <\/div>\r\n                <\/div>\r\n                \r\n            <\/div>\r\n        <\/section>\r\n        \r\n        \t\t\t\t<\/div>\n\t\t\t\t<\/div>\n\t\t\t\t\t<\/div>\n\t\t<\/div>\n\t\t\t\t\t<\/div>\n\t\t<\/section>\n\t\t\t\t<section class=\"elementor-section elementor-top-section elementor-element elementor-element-ecfcc9a elementor-section-boxed elementor-section-height-default elementor-section-height-default\" data-id=\"ecfcc9a\" data-element_type=\"section\" data-e-type=\"section\">\n\t\t\t\t\t\t<div class=\"elementor-container elementor-column-gap-default\">\n\t\t\t\t\t<div class=\"elementor-column elementor-col-100 elementor-top-column elementor-element elementor-element-e598fbe\" data-id=\"e598fbe\" data-element_type=\"column\" data-e-type=\"column\">\n\t\t\t<div class=\"elementor-widget-wrap elementor-element-populated\">\n\t\t\t\t\t\t<div class=\"elementor-element elementor-element-37b4a07 elementor-widget elementor-widget-text-editor\" data-id=\"37b4a07\" data-element_type=\"widget\" data-e-type=\"widget\" data-widget_type=\"text-editor.default\">\n\t\t\t\t\t\t\t\t\t<strong><img fetchpriority=\"high\" decoding=\"async\" class=\"alignright size-medium wp-image-1529\" src=\"https:\/\/www.moonstarahsap.com\/wp-content\/uploads\/2022\/12\/hus-panel2-300x200.jpeg\" alt=\"\" width=\"300\" height=\"200\" srcset=\"https:\/\/www.moonstarahsap.com\/wp-content\/uploads\/2022\/12\/hus-panel2-300x200.jpeg 300w, https:\/\/www.moonstarahsap.com\/wp-content\/uploads\/2022\/12\/hus-panel2-768x512.jpeg 768w, https:\/\/www.moonstarahsap.com\/wp-content\/uploads\/2022\/12\/hus-panel2.jpeg 1024w\" sizes=\"(max-width: 300px) 100vw, 300px\" \/>YET\u0130\u015eT\u0130\u011e\u0130 YERLER:<\/strong>\nDo\u011fu Karadeniz ve Do\u011fu Anadolu b\u00f6lgelerinde yeti\u015fir. Yeti\u015fti\u011fi b\u00f6lgede kay\u0131n veya s\u00fcp\u00fcrge a\u011f\u0131c\u0131 olarak isimlendirilir.\n\n<strong>YAPISI:<\/strong>\nAdi hu\u015f ve beyaz hu\u015f olarak bilinir. Olgun a\u011fa\u00e7lar grubuna girer. Da\u011f\u0131n\u0131k g\u00f6zeneklidir. \u0130lkbahar ve sonbahar dokular\u0131nda belirli ve yap\u0131sal farklar bulunmaz. Ancak sonbaharda daha koyu renklidir. Uzsun iplikli ve d\u00fczg\u00fcn yap\u0131l\u0131d\u0131r.\n\n<strong>RENG\u0130:<\/strong>\n\u0130\u00e7 odunu ile d\u0131\u015f odun ayn\u0131 renktedir. Hu\u015f tar\u0131ms\u0131 beyaz bir a\u011fa\u00e7t\u0131r. Bazen g\u00f6be\u011fe yak\u0131n dar bir b\u00f6l\u00fcm\u00fc \u00e7ok a\u00e7\u0131k kahverengidir.\n\n<strong>\u00d6ZELL\u0130KLER\u0130<\/strong>:\nS\u0131k\u0131 ve ince yap\u0131l\u0131d\u0131r. Orta sert bir a\u011fa\u00e7t\u0131r. B\u00fck\u00fclgendir. Fizik etkilerine dayan\u0131m\u0131 iyidir. Zor yar\u0131l\u0131r. Kolay ilenir. Kururken \u00e7ok \u00e7al\u0131\u015f\u0131r ve \u00e7atlar. Torna i\u015flerinde g\u00fc\u00e7l\u00fck \u00e7\u0131kar\u0131r. A\u00e7\u0131k havaya dayan\u0131ks\u0131zd\u0131r hemen \u00e7\u00fcr\u00fcr. \u00c7ivi ve vida ile ba\u011flant\u0131 zay\u0131f olur. Tutkalla iyi yap\u0131\u015f\u0131r. \u00c7ok yi boya ve vernik tutar.\n\n<strong>A\u011eIRLI\u011eI:<\/strong>\nHava kurusu \u00f6zg\u00fcl a\u011f\u0131rl\u0131\u011f\u0131 0.62 gr\/cm 3 t\u00fcr.\n\n<strong>KULLANI\u015eLI\u011eI:<\/strong>\n\u0130yi bir mobilya a\u011fac\u0131d\u0131r. Oturma mobilyalar\u0131nda, oymal\u0131 i\u015flerde, m\u00fczik aletlerinde, k\u0131zak ve kayak, kontrpl\u00e2k \u00fcretiminde, f\u0131\u00e7\u0131, makara mekik, ayakkab\u0131 kal\u0131b\u0131 yap\u0131m\u0131nda kullan\u0131l\u0131r.\n\n<strong>P\u0130YASADA BULUNU\u015eU<\/strong>\nMasif, kaplama, bazen de kontraplak halinde sat\u0131l\u0131r. Masifi sert a\u011fa\u00e7 standartlar\u0131na g\u00f6re boyutland\u0131r\u0131l\u0131r. Daha \u00e7ok kalas halinde Sat\u0131l\u0131r.\t\t\t\t\t\t\t\t<\/div>\n\t\t\t\t\t<\/div>\n\t\t<\/div>\n\t\t\t\t\t<\/div>\n\t\t<\/section>\n\t\t\t\t<section class=\"elementor-section elementor-top-section elementor-element elementor-element-b7aa0be elementor-section-full_width elementor-section-height-default elementor-section-height-default\" data-id=\"b7aa0be\" data-element_type=\"section\" data-e-type=\"section\">\n\t\t\t\t\t\t<div class=\"elementor-container elementor-column-gap-default\">\n\t\t\t\t\t<div class=\"elementor-column elementor-col-100 elementor-top-column elementor-element elementor-element-63abbcd\" data-id=\"63abbcd\" data-element_type=\"column\" data-e-type=\"column\">\n\t\t\t<div class=\"elementor-widget-wrap elementor-element-populated\">\n\t\t\t\t\t\t<div class=\"elementor-element elementor-element-f6ee87f elementor-widget elementor-widget-sawmall_call_to_action_v2\" data-id=\"f6ee87f\" data-element_type=\"widget\" data-e-type=\"widget\" data-widget_type=\"sawmall_call_to_action_v2.default\">\n\t\t\t\t<div class=\"elementor-widget-container\">\n\t\t\t\t\t\t\t\r\n        <!-- Call To Action Two Section -->\r\n        <section class=\"call-to-action-section-two\" style=\"background-image:url(https:\/\/www.moonstarahsap.com\/wp-content\/uploads\/2020\/12\/9-1.jpg)\">\r\n            <div class=\"auto-container\">\r\n                <div class=\"row clearfix\">\r\n                    \r\n                    <!-- Title Column -->\r\n                    <div class=\"title-column col-lg-7 col-md-12 col-sm-12\">\r\n                        <div class=\"inner-column\">\r\n                            <h3>Daha fazla \u00fcr\u00fcn i\u00e7in bizimle ileti\u015fime ge\u00e7in<\/h3>\r\n                        <\/div>\r\n                    <\/div>\r\n                                        <!-- Button Column -->\r\n                    <div class=\"btn-column col-lg-5 col-md-12 col-sm-12\">\r\n                        <div class=\"inner-column\">\r\n                            <a href=\"https:\/\/www.moonstarahsap.com\/index.php\/contact-us\" class=\"theme-btn btn-style-four\"><span class=\"txt\">Bize Ula\u015f\u0131n<\/span><\/a>\r\n                        <\/div>\r\n                    <\/div>\r\n                                    <\/div>\r\n            <\/div>\r\n        <\/section>\r\n        <!-- End Call To Action Two Section -->\r\n        \r\n        \t\t\t\t<\/div>\n\t\t\t\t<\/div>\n\t\t\t\t\t<\/div>\n\t\t<\/div>\n\t\t\t\t\t<\/div>\n\t\t<\/section>\n\t\t\t\t<\/div>\n\t\t","protected":false},"excerpt":{"rendered":"<p>Hu\u015f Teknik \u00d6zellikleri A\u011fa&ccedil; T&uuml;rleri: Hu\u015f Yap\u0131\u015ft\u0131rma Kalitesi: DIN EN 204 Standard\u0131na uygun D3-D4 normunda &Ouml;l&ccedil;&uuml;ler (mm) Kalinlik : 18,25,28,30,40,45 mm Geni\u015flik : 670 &#8211; 1220 mm Uzunluk : 3000 mm Nem \u0130&ccedil;eri\u011fi : %10 &plusmn; 2 Paketleme: Tekli Olarak paketlenmi\u015ftir. Z\u0131mpara Kalitesi: 120 kum Sinifi: AA, AB, BB, BC,CC, Rustic &nbsp; YET\u0130\u015eT\u0130\u011e\u0130 YERLER: Do\u011fu [&hellip;]<\/p>\n","protected":false},"author":1,"featured_media":0,"parent":1502,"menu_order":0,"comment_status":"closed","ping_status":"closed","template":"tpl-default-elementor.php","meta":{"ngg_post_thumbnail":0,"footnotes":""},"class_list":["post-1525","page","type-page","status-publish","hentry"],"_links":{"self":[{"href":"https:\/\/www.moonstarahsap.com\/index.php\/wp-json\/wp\/v2\/pages\/1525","targetHints":{"allow":["GET"]}}],"collection":[{"href":"https:\/\/www.moonstarahsap.com\/index.php\/wp-json\/wp\/v2\/pages"}],"about":[{"href":"https:\/\/www.moonstarahsap.com\/index.php\/wp-json\/wp\/v2\/types\/page"}],"author":[{"embeddable":true,"href":"https:\/\/www.moonstarahsap.com\/index.php\/wp-json\/wp\/v2\/users\/1"}],"replies":[{"embeddable":true,"href":"https:\/\/www.moonstarahsap.com\/index.php\/wp-json\/wp\/v2\/comments?post=1525"}],"version-history":[{"count":21,"href":"https:\/\/www.moonstarahsap.com\/index.php\/wp-json\/wp\/v2\/pages\/1525\/revisions"}],"predecessor-version":[{"id":1651,"href":"https:\/\/www.moonstarahsap.com\/index.php\/wp-json\/wp\/v2\/pages\/1525\/revisions\/1651"}],"up":[{"embeddable":true,"href":"https:\/\/www.moonstarahsap.com\/index.php\/wp-json\/wp\/v2\/pages\/1502"}],"wp:attachment":[{"href":"https:\/\/www.moonstarahsap.com\/index.php\/wp-json\/wp\/v2\/media?parent=1525"}],"curies":[{"name":"wp","href":"https:\/\/api.w.org\/{rel}","templated":true}]}}